{"id":6455,"date":"2022-08-24T17:04:39","date_gmt":"2022-08-24T17:04:39","guid":{"rendered":"https:\/\/planubo.com\/erklaerung-zur-barrierefreiheit\/"},"modified":"2022-08-24T17:13:50","modified_gmt":"2022-08-24T17:13:50","slug":"erklaerung-zur-barrierefreiheit","status":"publish","type":"page","link":"https:\/\/planubo.com\/de\/erklaerung-zur-barrierefreiheit\/","title":{"rendered":"Erkl\u00e4rung zur Barrierefreiheit"},"content":{"rendered":"\t\t<div data-elementor-type=\"wp-page\" data-elementor-id=\"6455\" class=\"elementor elementor-6455 elementor-6442\">\n\t\t\t\t\t\t<section class=\"elementor-section elementor-top-section elementor-element elementor-element-377301f elementor-section-boxed elementor-section-height-default elementor-section-height-default\" data-id=\"377301f\" data-element_type=\"section\" data-settings=\"{&quot;background_background&quot;:&quot;classic&quot;}\">\n\t\t\t\t\t\t<div class=\"elementor-container elementor-column-gap-default\">\n\t\t\t\t\t<div class=\"elementor-column elementor-col-100 elementor-top-column elementor-element elementor-element-71e4e2b\" data-id=\"71e4e2b\" data-element_type=\"column\">\n\t\t\t<div class=\"elementor-widget-wrap elementor-element-populated\">\n\t\t\t\t\t\t<div class=\"elementor-element elementor-element-f14ccde elementor-widget elementor-widget-spacer\" data-id=\"f14ccde\" data-element_type=\"widget\" data-widget_type=\"spacer.default\">\n\t\t\t\t<div class=\"elementor-widget-container\">\n\t\t\t\t\t\t\t<div class=\"elementor-spacer\">\n\t\t\t<div class=\"elementor-spacer-inner\"><\/div>\n\t\t<\/div>\n\t\t\t\t\t\t<\/div>\n\t\t\t\t<\/div>\n\t\t\t\t<div class=\"elementor-element elementor-element-c7dee2a elementor-widget elementor-widget-heading\" data-id=\"c7dee2a\" data-element_type=\"widget\" data-widget_type=\"heading.default\">\n\t\t\t\t<div class=\"elementor-widget-container\">\n\t\t\t\t\t<h1 class=\"elementor-heading-title elementor-size-default\">Erkl\u00e4rung zur Barrierefreiheit<\/h1>\t\t\t\t<\/div>\n\t\t\t\t<\/div>\n\t\t\t\t<div class=\"elementor-element elementor-element-a23ee92 elementor-widget elementor-widget-spacer\" data-id=\"a23ee92\" data-element_type=\"widget\" data-widget_type=\"spacer.default\">\n\t\t\t\t<div class=\"elementor-widget-container\">\n\t\t\t\t\t\t\t<div class=\"elementor-spacer\">\n\t\t\t<div class=\"elementor-spacer-inner\"><\/div>\n\t\t<\/div>\n\t\t\t\t\t\t<\/div>\n\t\t\t\t<\/div>\n\t\t\t\t<div class=\"elementor-element elementor-element-2a482e9 elementor-widget elementor-widget-text-editor\" data-id=\"2a482e9\" data-element_type=\"widget\" data-widget_type=\"text-editor.default\">\n\t\t\t\t<div class=\"elementor-widget-container\">\n\t\t\t\t\t\t\t\t\t<p>Planubo ist bestrebt, seine Website und Web-Applikation f\u00fcr Menschen mit unterschiedlichen F\u00e4higkeiten so zug\u00e4nglich wie m\u00f6glich zu machen. Wir arbeiten st\u00e4ndig daran, die Zug\u00e4nglichkeit unserer Website und Web-Applikation zu verbessern, um unseren Nutzern den bestm\u00f6glichen Service zu bieten.<\/p><p>Wir arbeiten kontinuierlich daran, die Standards der Stufe AA der Web Content Accessibility Guidelines (WCAG) Version 2.1 zu erreichen. Da wir uns bem\u00fchen, die Kriterien der Stufe AA zu erreichen, sind wir uns bewusst, dass einige Seiten gelegentlich Zug\u00e4nglichkeitsfehler aufweisen k\u00f6nnen. Wenn du auf Fehler aufmerksam geworden bist oder Vorschl\u00e4ge hast, wie wir die Zug\u00e4nglichkeit unserer Website und\/oder Web-Applikation verbessern k\u00f6nnen, z\u00f6gere bitte nicht, uns \u00fcber unser <span style=\"color: #3366ff;\"><a style=\"color: #3366ff;\" href=\"https:\/\/planubo.com\/de\/kontakt\/\" target=\"_blank\" rel=\"noopener\">Kontaktformular<\/a><\/span> zu kontaktieren.<\/p><p>Wir bei Planubo arbeiten st\u00e4ndig daran, unsere Website und Web-Applikation so zug\u00e4nglich wie m\u00f6glich zu machen.<\/p><p> <\/p>\t\t\t\t\t\t\t\t<\/div>\n\t\t\t\t<\/div>\n\t\t\t\t<div class=\"elementor-element elementor-element-37a56d7 elementor-widget elementor-widget-spacer\" data-id=\"37a56d7\" data-element_type=\"widget\" data-widget_type=\"spacer.default\">\n\t\t\t\t<div class=\"elementor-widget-container\">\n\t\t\t\t\t\t\t<div class=\"elementor-spacer\">\n\t\t\t<div class=\"elementor-spacer-inner\"><\/div>\n\t\t<\/div>\n\t\t\t\t\t\t<\/div>\n\t\t\t\t<\/div>\n\t\t\t\t\t<\/div>\n\t\t<\/div>\n\t\t\t\t\t<\/div>\n\t\t<\/section>\n\t\t\t\t<\/div>\n\t\t","protected":false},"excerpt":{"rendered":"<p>Erkl\u00e4rung zur Barrierefreiheit Planubo ist bestrebt, seine Website und Web-Applikation f\u00fcr Menschen mit unterschiedlichen F\u00e4higkeiten so zug\u00e4nglich wie m\u00f6glich zu machen. Wir arbeiten st\u00e4ndig daran, die Zug\u00e4nglichkeit unserer Website und Web-Applikation zu verbessern, um unseren Nutzern den bestm\u00f6glichen Service zu bieten. Wir arbeiten kontinuierlich daran, die Standards der Stufe AA der Web Content Accessibility Guidelines&hellip;&nbsp;<\/p>\n<div class=\"read-more-wrapper\" style=\"padding: 10px 0 0;\"><a href=\"https:\/\/planubo.com\/de\/erklaerung-zur-barrierefreiheit\/\" class=\"button button-secondary\" rel=\"bookmark\">Mehr lesen &raquo;<span class=\"screen-reader-text\">Erkl\u00e4rung zur Barrierefreiheit<\/span><\/a><\/div>\n","protected":false},"author":2,"featured_media":0,"parent":0,"menu_order":0,"comment_status":"closed","ping_status":"closed","template":"page-templates\/template-pagebuilder-full-width.php","meta":{"neve_meta_sidebar":"full-width","neve_meta_container":"","neve_meta_enable_content_width":"on","neve_meta_content_width":100,"neve_meta_title_alignment":"","neve_meta_author_avatar":"","neve_post_elements_order":"","neve_meta_disable_header":"","neve_meta_disable_footer":"","neve_meta_disable_title":"","neve_meta_reading_time":"","footnotes":""},"class_list":["post-6455","page","type-page","status-publish","hentry"],"yoast_head":"<!-- This site is optimized with the Yoast SEO plugin v24.4 - https:\/\/yoast.com\/wordpress\/plugins\/seo\/ -->\n<title>Erkl\u00e4rung zur Barrierefreiheit - Planubo<\/title>\n<meta name=\"robots\" content=\"index, follow, max-snippet:-1, max-image-preview:large, max-video-preview:-1\" \/>\n<link rel=\"canonical\" href=\"https:\/\/planubo.com\/de\/erklaerung-zur-barrierefreiheit\/\" \/>\n<meta property=\"og:locale\" content=\"de_DE\" \/>\n<meta property=\"og:type\" content=\"article\" \/>\n<meta property=\"og:title\" content=\"Erkl\u00e4rung zur Barrierefreiheit - Planubo\" \/>\n<meta property=\"og:description\" content=\"Erkl\u00e4rung zur Barrierefreiheit Planubo ist bestrebt, seine Website und Web-Applikation f\u00fcr Menschen mit unterschiedlichen F\u00e4higkeiten so zug\u00e4nglich wie m\u00f6glich zu machen. Wir arbeiten st\u00e4ndig daran, die Zug\u00e4nglichkeit unserer Website und Web-Applikation zu verbessern, um unseren Nutzern den bestm\u00f6glichen Service zu bieten. Wir arbeiten kontinuierlich daran, die Standards der Stufe AA der Web Content Accessibility Guidelines&hellip;&nbsp;Mehr lesen &raquo;Erkl\u00e4rung zur Barrierefreiheit\" \/>\n<meta property=\"og:url\" content=\"https:\/\/planubo.com\/de\/erklaerung-zur-barrierefreiheit\/\" \/>\n<meta property=\"og:site_name\" content=\"Planubo\" \/>\n<meta property=\"article:publisher\" content=\"https:\/\/www.facebook.com\/planubo\/\" \/>\n<meta property=\"article:modified_time\" content=\"2022-08-24T17:13:50+00:00\" \/>\n<meta property=\"og:image\" content=\"https:\/\/planubo.com\/wp-content\/uploads\/2021\/01\/Calendar-attendance-feedback-smartphone-laptop.png\" \/>\n\t<meta property=\"og:image:width\" content=\"851\" \/>\n\t<meta property=\"og:image:height\" content=\"576\" \/>\n\t<meta property=\"og:image:type\" content=\"image\/png\" \/>\n<meta name=\"twitter:card\" content=\"summary_large_image\" \/>\n<meta name=\"twitter:site\" content=\"@Planubo\" \/>\n<meta name=\"twitter:label1\" content=\"Gesch\u00e4tzte Lesezeit\" \/>\n\t<meta name=\"twitter:data1\" content=\"1\u00a0Minute\" \/>\n<script type=\"application\/ld+json\" class=\"yoast-schema-graph\">{\"@context\":\"https:\/\/schema.org\",\"@graph\":[{\"@type\":\"WebPage\",\"@id\":\"https:\/\/planubo.com\/de\/erklaerung-zur-barrierefreiheit\/\",\"url\":\"https:\/\/planubo.com\/de\/erklaerung-zur-barrierefreiheit\/\",\"name\":\"Erkl\u00e4rung zur Barrierefreiheit - Planubo\",\"isPartOf\":{\"@id\":\"https:\/\/planubo.com\/de\/#website\"},\"datePublished\":\"2022-08-24T17:04:39+00:00\",\"dateModified\":\"2022-08-24T17:13:50+00:00\",\"breadcrumb\":{\"@id\":\"https:\/\/planubo.com\/de\/erklaerung-zur-barrierefreiheit\/#breadcrumb\"},\"inLanguage\":\"de\",\"potentialAction\":[{\"@type\":\"ReadAction\",\"target\":[\"https:\/\/planubo.com\/de\/erklaerung-zur-barrierefreiheit\/\"]}]},{\"@type\":\"BreadcrumbList\",\"@id\":\"https:\/\/planubo.com\/de\/erklaerung-zur-barrierefreiheit\/#breadcrumb\",\"itemListElement\":[{\"@type\":\"ListItem\",\"position\":1,\"name\":\"Home\",\"item\":\"https:\/\/planubo.com\/de\/\"},{\"@type\":\"ListItem\",\"position\":2,\"name\":\"Erkl\u00e4rung zur Barrierefreiheit\"}]},{\"@type\":\"WebSite\",\"@id\":\"https:\/\/planubo.com\/de\/#website\",\"url\":\"https:\/\/planubo.com\/de\/\",\"name\":\"Planubo\",\"description\":\"An all-in-one administrative software for any kind of instructor\",\"publisher\":{\"@id\":\"https:\/\/planubo.com\/de\/#organization\"},\"potentialAction\":[{\"@type\":\"SearchAction\",\"target\":{\"@type\":\"EntryPoint\",\"urlTemplate\":\"https:\/\/planubo.com\/de\/?s={search_term_string}\"},\"query-input\":{\"@type\":\"PropertyValueSpecification\",\"valueRequired\":true,\"valueName\":\"search_term_string\"}}],\"inLanguage\":\"de\"},{\"@type\":\"Organization\",\"@id\":\"https:\/\/planubo.com\/de\/#organization\",\"name\":\"Planubo\",\"url\":\"https:\/\/planubo.com\/de\/\",\"logo\":{\"@type\":\"ImageObject\",\"inLanguage\":\"de\",\"@id\":\"https:\/\/planubo.com\/de\/#\/schema\/logo\/image\/\",\"url\":\"https:\/\/planubo.com\/wp-content\/uploads\/2020\/07\/planubo-logo.png\",\"contentUrl\":\"https:\/\/planubo.com\/wp-content\/uploads\/2020\/07\/planubo-logo.png\",\"width\":64,\"height\":90,\"caption\":\"Planubo\"},\"image\":{\"@id\":\"https:\/\/planubo.com\/de\/#\/schema\/logo\/image\/\"},\"sameAs\":[\"https:\/\/www.facebook.com\/planubo\/\",\"https:\/\/x.com\/Planubo\",\"https:\/\/www.instagram.com\/planubo\/\",\"https:\/\/www.linkedin.com\/company\/planubo\/\",\"https:\/\/www.youtube.com\/channel\/UCaL5JTnmlKULN1rXwukDHkg\"]}]}<\/script>\n<!-- \/ Yoast SEO plugin. -->","yoast_head_json":{"title":"Erkl\u00e4rung zur Barrierefreiheit - Planubo","robots":{"index":"index","follow":"follow","max-snippet":"max-snippet:-1","max-image-preview":"max-image-preview:large","max-video-preview":"max-video-preview:-1"},"canonical":"https:\/\/planubo.com\/de\/erklaerung-zur-barrierefreiheit\/","og_locale":"de_DE","og_type":"article","og_title":"Erkl\u00e4rung zur Barrierefreiheit - Planubo","og_description":"Erkl\u00e4rung zur Barrierefreiheit Planubo ist bestrebt, seine Website und Web-Applikation f\u00fcr Menschen mit unterschiedlichen F\u00e4higkeiten so zug\u00e4nglich wie m\u00f6glich zu machen. Wir arbeiten st\u00e4ndig daran, die Zug\u00e4nglichkeit unserer Website und Web-Applikation zu verbessern, um unseren Nutzern den bestm\u00f6glichen Service zu bieten. Wir arbeiten kontinuierlich daran, die Standards der Stufe AA der Web Content Accessibility Guidelines&hellip;&nbsp;Mehr lesen &raquo;Erkl\u00e4rung zur Barrierefreiheit","og_url":"https:\/\/planubo.com\/de\/erklaerung-zur-barrierefreiheit\/","og_site_name":"Planubo","article_publisher":"https:\/\/www.facebook.com\/planubo\/","article_modified_time":"2022-08-24T17:13:50+00:00","og_image":[{"width":851,"height":576,"url":"https:\/\/planubo.com\/wp-content\/uploads\/2021\/01\/Calendar-attendance-feedback-smartphone-laptop.png","type":"image\/png"}],"twitter_card":"summary_large_image","twitter_site":"@Planubo","twitter_misc":{"Gesch\u00e4tzte Lesezeit":"1\u00a0Minute"},"schema":{"@context":"https:\/\/schema.org","@graph":[{"@type":"WebPage","@id":"https:\/\/planubo.com\/de\/erklaerung-zur-barrierefreiheit\/","url":"https:\/\/planubo.com\/de\/erklaerung-zur-barrierefreiheit\/","name":"Erkl\u00e4rung zur Barrierefreiheit - Planubo","isPartOf":{"@id":"https:\/\/planubo.com\/de\/#website"},"datePublished":"2022-08-24T17:04:39+00:00","dateModified":"2022-08-24T17:13:50+00:00","breadcrumb":{"@id":"https:\/\/planubo.com\/de\/erklaerung-zur-barrierefreiheit\/#breadcrumb"},"inLanguage":"de","potentialAction":[{"@type":"ReadAction","target":["https:\/\/planubo.com\/de\/erklaerung-zur-barrierefreiheit\/"]}]},{"@type":"BreadcrumbList","@id":"https:\/\/planubo.com\/de\/erklaerung-zur-barrierefreiheit\/#breadcrumb","itemListElement":[{"@type":"ListItem","position":1,"name":"Home","item":"https:\/\/planubo.com\/de\/"},{"@type":"ListItem","position":2,"name":"Erkl\u00e4rung zur Barrierefreiheit"}]},{"@type":"WebSite","@id":"https:\/\/planubo.com\/de\/#website","url":"https:\/\/planubo.com\/de\/","name":"Planubo","description":"An all-in-one administrative software for any kind of instructor","publisher":{"@id":"https:\/\/planubo.com\/de\/#organization"},"potentialAction":[{"@type":"SearchAction","target":{"@type":"EntryPoint","urlTemplate":"https:\/\/planubo.com\/de\/?s={search_term_string}"},"query-input":{"@type":"PropertyValueSpecification","valueRequired":true,"valueName":"search_term_string"}}],"inLanguage":"de"},{"@type":"Organization","@id":"https:\/\/planubo.com\/de\/#organization","name":"Planubo","url":"https:\/\/planubo.com\/de\/","logo":{"@type":"ImageObject","inLanguage":"de","@id":"https:\/\/planubo.com\/de\/#\/schema\/logo\/image\/","url":"https:\/\/planubo.com\/wp-content\/uploads\/2020\/07\/planubo-logo.png","contentUrl":"https:\/\/planubo.com\/wp-content\/uploads\/2020\/07\/planubo-logo.png","width":64,"height":90,"caption":"Planubo"},"image":{"@id":"https:\/\/planubo.com\/de\/#\/schema\/logo\/image\/"},"sameAs":["https:\/\/www.facebook.com\/planubo\/","https:\/\/x.com\/Planubo","https:\/\/www.instagram.com\/planubo\/","https:\/\/www.linkedin.com\/company\/planubo\/","https:\/\/www.youtube.com\/channel\/UCaL5JTnmlKULN1rXwukDHkg"]}]}},"_links":{"self":[{"href":"https:\/\/planubo.com\/de\/wp-json\/wp\/v2\/pages\/6455","targetHints":{"allow":["GET"]}}],"collection":[{"href":"https:\/\/planubo.com\/de\/wp-json\/wp\/v2\/pages"}],"about":[{"href":"https:\/\/planubo.com\/de\/wp-json\/wp\/v2\/types\/page"}],"author":[{"embeddable":true,"href":"https:\/\/planubo.com\/de\/wp-json\/wp\/v2\/users\/2"}],"replies":[{"embeddable":true,"href":"https:\/\/planubo.com\/de\/wp-json\/wp\/v2\/comments?post=6455"}],"version-history":[{"count":1,"href":"https:\/\/planubo.com\/de\/wp-json\/wp\/v2\/pages\/6455\/revisions"}],"predecessor-version":[{"id":6456,"href":"https:\/\/planubo.com\/de\/wp-json\/wp\/v2\/pages\/6455\/revisions\/6456"}],"wp:attachment":[{"href":"https:\/\/planubo.com\/de\/wp-json\/wp\/v2\/media?parent=6455"}],"curies":[{"name":"wp","href":"https:\/\/api.w.org\/{rel}","templated":true}]}}