{"id":4682,"date":"2021-05-16T09:47:14","date_gmt":"2021-05-16T09:47:14","guid":{"rendered":"https:\/\/planubo.com\/preise\/"},"modified":"2023-09-10T08:45:08","modified_gmt":"2023-09-10T08:45:08","slug":"preise","status":"publish","type":"page","link":"https:\/\/planubo.com\/de\/preise\/","title":{"rendered":"Preise"},"content":{"rendered":"\t\t<div data-elementor-type=\"wp-page\" data-elementor-id=\"4682\" class=\"elementor elementor-4682 elementor-4555\">\n\t\t\t\t\t\t<section class=\"elementor-section elementor-top-section elementor-element elementor-element-9421703 elementor-section-boxed elementor-section-height-default elementor-section-height-default\" data-id=\"9421703\" data-element_type=\"section\" data-settings=\"{&quot;background_background&quot;:&quot;classic&quot;}\">\n\t\t\t\t\t\t<div class=\"elementor-container elementor-column-gap-default\">\n\t\t\t\t\t<div class=\"elementor-column elementor-col-100 elementor-top-column elementor-element elementor-element-67e3080\" data-id=\"67e3080\" data-element_type=\"column\">\n\t\t\t<div class=\"elementor-widget-wrap elementor-element-populated\">\n\t\t\t\t\t\t<div class=\"elementor-element elementor-element-0b3ca5f elementor-widget elementor-widget-spacer\" data-id=\"0b3ca5f\" data-element_type=\"widget\" data-widget_type=\"spacer.default\">\n\t\t\t\t<div class=\"elementor-widget-container\">\n\t\t\t\t\t\t\t<div class=\"elementor-spacer\">\n\t\t\t<div class=\"elementor-spacer-inner\"><\/div>\n\t\t<\/div>\n\t\t\t\t\t\t<\/div>\n\t\t\t\t<\/div>\n\t\t\t\t<div class=\"elementor-element elementor-element-c654f75 animated-fast elementor-widget elementor-widget-heading\" data-id=\"c654f75\" data-element_type=\"widget\" data-settings=\"{&quot;_animation&quot;:&quot;none&quot;}\" data-widget_type=\"heading.default\">\n\t\t\t\t<div class=\"elementor-widget-container\">\n\t\t\t\t\t<h2 class=\"elementor-heading-title elementor-size-default\">Erweitere dein Business mit uns<\/h2>\t\t\t\t<\/div>\n\t\t\t\t<\/div>\n\t\t\t\t<div class=\"elementor-element elementor-element-bea7a67 elementor-widget elementor-widget-text-editor\" data-id=\"bea7a67\" data-element_type=\"widget\" data-widget_type=\"text-editor.default\">\n\t\t\t\t<div class=\"elementor-widget-container\">\n\t\t\t\t\t\t\t\t\t<p style=\"text-align: center;\">Beschreibe dein Use-Case-Szenario und wir erstellen einen individuellen Preis f\u00fcr deine Bed\u00fcrfnisse.<\/p>\n\t\t\t\t\t\t\t\t<\/div>\n\t\t\t\t<\/div>\n\t\t\t\t<section class=\"elementor-section elementor-inner-section elementor-element elementor-element-85b7407 elementor-section-boxed elementor-section-height-default elementor-section-height-default\" data-id=\"85b7407\" data-element_type=\"section\">\n\t\t\t\t\t\t<div class=\"elementor-container elementor-column-gap-default\">\n\t\t\t\t\t<div class=\"elementor-column elementor-col-50 elementor-inner-column elementor-element elementor-element-16d58ca\" data-id=\"16d58ca\" data-element_type=\"column\">\n\t\t\t<div class=\"elementor-widget-wrap elementor-element-populated\">\n\t\t\t\t\t\t<div class=\"elementor-element elementor-element-8c92d68 eael-pricing-content-align-center eael-pricing-button-align-center elementor-widget elementor-widget-eael-pricing-table\" data-id=\"8c92d68\" data-element_type=\"widget\" data-widget_type=\"eael-pricing-table.default\">\n\t\t\t\t<div class=\"elementor-widget-container\">\n\t\t\t\t\t                            <div class=\"eael-pricing style-2\" >\n                <div class=\"eael-pricing-item \">\n                    <div class=\"eael-pricing-icon\">\n                        <span class=\"icon\" style=\"background:;\">\n                            <i class=\"fas fa-paper-plane\"><\/i>                        <\/span>\n                    <\/div>\n                    <div class=\"header\">\n                        <h2 class=\"title\">KOSTENLOSE DEMO ERHALTEN<\/h2><span class=\"subtitle\"><\/span>                    <\/div>\n                    <div class=\"eael-pricing-tag\">\n                        <span class=\"price-tag\"><span class=\"original-price\"><span class=\"price-currency\"><\/span><\/span><\/span><span class=\"price-period\">Was ist inbegriffen?<\/span>                    <\/div>\n                    <div class=\"body\">\n                                <ul>\n                            <li class=\"elementor-repeater-item-e9cda6c\">\n                    \n                    \n                    <span >Kostenlose pers\u00f6nliche Demo<\/span>\n                    \n                     \n                <\/li>\n                            <li class=\"elementor-repeater-item-af87882\">\n                    \n                    \n                    <span >Kostenlose Beratung<\/span>\n                    \n                     \n                <\/li>\n                            <li class=\"elementor-repeater-item-ab520ec\">\n                    \n                    \n                    <span >Q&amp;A Session<\/span>\n                    \n                     \n                <\/li>\n                    <\/ul>\n                        <\/div>\n\t                                    <div class=\"footer\">\n                        <a class=\"eael-pricing-button\" href=\"https:\/\/planubo.com\/contact\/\" target=\"_blank\" >\n                                                                                            Kontakt aufnehmen                                                    <\/a>\n                    <\/div>\n                                    <\/div>\n            <\/div>\n            \t\t\t\t<\/div>\n\t\t\t\t<\/div>\n\t\t\t\t\t<\/div>\n\t\t<\/div>\n\t\t\t\t<div class=\"elementor-column elementor-col-50 elementor-inner-column elementor-element elementor-element-8e4a978\" data-id=\"8e4a978\" data-element_type=\"column\">\n\t\t\t<div class=\"elementor-widget-wrap elementor-element-populated\">\n\t\t\t\t\t\t<div class=\"elementor-element elementor-element-5fe2320 eael-pricing-content-align-center eael-pricing-button-align-center elementor-widget elementor-widget-eael-pricing-table\" data-id=\"5fe2320\" data-element_type=\"widget\" data-widget_type=\"eael-pricing-table.default\">\n\t\t\t\t<div class=\"elementor-widget-container\">\n\t\t\t\t\t                            <div class=\"eael-pricing style-2\" >\n                <div class=\"eael-pricing-item \">\n                    <div class=\"eael-pricing-icon\">\n                        <span class=\"icon\" style=\"background:;\">\n                            <i class=\"fas fa-rocket\"><\/i>                        <\/span>\n                    <\/div>\n                    <div class=\"header\">\n                        <h2 class=\"title\">ANGEBOT ERHALTEN<\/h2><span class=\"subtitle\"><\/span>                    <\/div>\n                    <div class=\"eael-pricing-tag\">\n                        <span class=\"price-tag\"><span class=\"original-price\"><span class=\"price-currency\"><\/span><\/span><\/span><span class=\"price-period\">Was ist inbegriffen?<\/span>                    <\/div>\n                    <div class=\"body\">\n                                <ul>\n                            <li class=\"elementor-repeater-item-e9cda6c\">\n                    \n                    \n                    <span >Voller Zugang zu unserer Plattform<\/span>\n                    \n                     \n                <\/li>\n                            <li class=\"elementor-repeater-item-8a7ae20\">\n                    \n                    \n                    <span >Kostenlose Kontoeinrichtung<\/span>\n                    \n                     \n                <\/li>\n                            <li class=\"elementor-repeater-item-af87882\">\n                    \n                    \n                    <span >Verschiedene Ebenen von technischer Unterst\u00fctzung<\/span>\n                    \n                     \n                <\/li>\n                    <\/ul>\n                        <\/div>\n\t                                    <div class=\"footer\">\n                        <a class=\"eael-pricing-button\" href=\"https:\/\/planubo.com\/contact\/\" target=\"_blank\" >\n                                                                                            Kontakt aufnehmen                                                    <\/a>\n                    <\/div>\n                                    <\/div>\n            <\/div>\n            \t\t\t\t<\/div>\n\t\t\t\t<\/div>\n\t\t\t\t\t<\/div>\n\t\t<\/div>\n\t\t\t\t\t<\/div>\n\t\t<\/section>\n\t\t\t\t<div class=\"elementor-element elementor-element-7c7baad elementor-widget elementor-widget-spacer\" data-id=\"7c7baad\" data-element_type=\"widget\" data-widget_type=\"spacer.default\">\n\t\t\t\t<div class=\"elementor-widget-container\">\n\t\t\t\t\t\t\t<div class=\"elementor-spacer\">\n\t\t\t<div class=\"elementor-spacer-inner\"><\/div>\n\t\t<\/div>\n\t\t\t\t\t\t<\/div>\n\t\t\t\t<\/div>\n\t\t\t\t\t<\/div>\n\t\t<\/div>\n\t\t\t\t\t<\/div>\n\t\t<\/section>\n\t\t\t\t<\/div>\n\t\t","protected":false},"excerpt":{"rendered":"<p>Erweitere dein Business mit uns Beschreibe dein Use-Case-Szenario und wir erstellen einen individuellen Preis f\u00fcr deine Bed\u00fcrfnisse. KOSTENLOSE DEMO ERHALTEN Was ist inbegriffen? Kostenlose pers\u00f6nliche Demo Kostenlose Beratung Q&amp;A Session Kontakt aufnehmen ANGEBOT ERHALTEN Was ist inbegriffen? Voller Zugang zu unserer Plattform Kostenlose Kontoeinrichtung Verschiedene Ebenen von technischer Unterst\u00fctzung Kontakt aufnehmen<\/p>\n","protected":false},"author":2,"featured_media":0,"parent":0,"menu_order":0,"comment_status":"closed","ping_status":"closed","template":"page-templates\/template-pagebuilder-full-width.php","meta":{"neve_meta_sidebar":"full-width","neve_meta_container":"","neve_meta_enable_content_width":"on","neve_meta_content_width":100,"neve_meta_title_alignment":"","neve_meta_author_avatar":"","neve_post_elements_order":"","neve_meta_disable_header":"","neve_meta_disable_footer":"","neve_meta_disable_title":"","neve_meta_reading_time":"","footnotes":""},"class_list":["post-4682","page","type-page","status-publish","hentry"],"yoast_head":"<!-- This site is optimized with the Yoast SEO plugin v24.4 - https:\/\/yoast.com\/wordpress\/plugins\/seo\/ -->\n<title>Preise - Planubo<\/title>\n<meta name=\"description\" content=\"Beschreibe dein Use-Case-Szenario und wir erstellen einen individuellen Preis f\u00fcr deine Bed\u00fcrfnisse.\" \/>\n<meta name=\"robots\" content=\"index, follow, max-snippet:-1, max-image-preview:large, max-video-preview:-1\" \/>\n<link rel=\"canonical\" href=\"https:\/\/planubo.com\/de\/preise\/\" \/>\n<meta property=\"og:locale\" content=\"de_DE\" \/>\n<meta property=\"og:type\" content=\"article\" \/>\n<meta property=\"og:title\" content=\"Preise - Planubo\" \/>\n<meta property=\"og:description\" content=\"Beschreibe dein Use-Case-Szenario und wir erstellen einen individuellen Preis f\u00fcr deine Bed\u00fcrfnisse.\" \/>\n<meta property=\"og:url\" content=\"https:\/\/planubo.com\/de\/preise\/\" \/>\n<meta property=\"og:site_name\" content=\"Planubo\" \/>\n<meta property=\"article:publisher\" content=\"https:\/\/www.facebook.com\/planubo\/\" \/>\n<meta property=\"article:modified_time\" content=\"2023-09-10T08:45:08+00:00\" \/>\n<meta property=\"og:image\" content=\"https:\/\/planubo.com\/wp-content\/uploads\/2021\/01\/Calendar-attendance-feedback-smartphone-laptop.png\" \/>\n\t<meta property=\"og:image:width\" content=\"851\" \/>\n\t<meta property=\"og:image:height\" content=\"576\" \/>\n\t<meta property=\"og:image:type\" content=\"image\/png\" \/>\n<meta name=\"twitter:card\" content=\"summary_large_image\" \/>\n<meta name=\"twitter:site\" content=\"@Planubo\" \/>\n<meta name=\"twitter:label1\" content=\"Gesch\u00e4tzte Lesezeit\" \/>\n\t<meta name=\"twitter:data1\" content=\"2\u00a0Minuten\" \/>\n<script type=\"application\/ld+json\" class=\"yoast-schema-graph\">{\"@context\":\"https:\/\/schema.org\",\"@graph\":[{\"@type\":\"WebPage\",\"@id\":\"https:\/\/planubo.com\/de\/preise\/\",\"url\":\"https:\/\/planubo.com\/de\/preise\/\",\"name\":\"Preise - Planubo\",\"isPartOf\":{\"@id\":\"https:\/\/planubo.com\/de\/#website\"},\"datePublished\":\"2021-05-16T09:47:14+00:00\",\"dateModified\":\"2023-09-10T08:45:08+00:00\",\"description\":\"Beschreibe dein Use-Case-Szenario und wir erstellen einen individuellen Preis f\u00fcr deine Bed\u00fcrfnisse.\",\"breadcrumb\":{\"@id\":\"https:\/\/planubo.com\/de\/preise\/#breadcrumb\"},\"inLanguage\":\"de\",\"potentialAction\":[{\"@type\":\"ReadAction\",\"target\":[\"https:\/\/planubo.com\/de\/preise\/\"]}]},{\"@type\":\"BreadcrumbList\",\"@id\":\"https:\/\/planubo.com\/de\/preise\/#breadcrumb\",\"itemListElement\":[{\"@type\":\"ListItem\",\"position\":1,\"name\":\"Home\",\"item\":\"https:\/\/planubo.com\/de\/\"},{\"@type\":\"ListItem\",\"position\":2,\"name\":\"Preise\"}]},{\"@type\":\"WebSite\",\"@id\":\"https:\/\/planubo.com\/de\/#website\",\"url\":\"https:\/\/planubo.com\/de\/\",\"name\":\"Planubo\",\"description\":\"An all-in-one administrative software for any kind of instructor\",\"publisher\":{\"@id\":\"https:\/\/planubo.com\/de\/#organization\"},\"potentialAction\":[{\"@type\":\"SearchAction\",\"target\":{\"@type\":\"EntryPoint\",\"urlTemplate\":\"https:\/\/planubo.com\/de\/?s={search_term_string}\"},\"query-input\":{\"@type\":\"PropertyValueSpecification\",\"valueRequired\":true,\"valueName\":\"search_term_string\"}}],\"inLanguage\":\"de\"},{\"@type\":\"Organization\",\"@id\":\"https:\/\/planubo.com\/de\/#organization\",\"name\":\"Planubo\",\"url\":\"https:\/\/planubo.com\/de\/\",\"logo\":{\"@type\":\"ImageObject\",\"inLanguage\":\"de\",\"@id\":\"https:\/\/planubo.com\/de\/#\/schema\/logo\/image\/\",\"url\":\"https:\/\/planubo.com\/wp-content\/uploads\/2020\/07\/planubo-logo.png\",\"contentUrl\":\"https:\/\/planubo.com\/wp-content\/uploads\/2020\/07\/planubo-logo.png\",\"width\":64,\"height\":90,\"caption\":\"Planubo\"},\"image\":{\"@id\":\"https:\/\/planubo.com\/de\/#\/schema\/logo\/image\/\"},\"sameAs\":[\"https:\/\/www.facebook.com\/planubo\/\",\"https:\/\/x.com\/Planubo\",\"https:\/\/www.instagram.com\/planubo\/\",\"https:\/\/www.linkedin.com\/company\/planubo\/\",\"https:\/\/www.youtube.com\/channel\/UCaL5JTnmlKULN1rXwukDHkg\"]}]}<\/script>\n<!-- \/ Yoast SEO plugin. -->","yoast_head_json":{"title":"Preise - Planubo","description":"Beschreibe dein Use-Case-Szenario und wir erstellen einen individuellen Preis f\u00fcr deine Bed\u00fcrfnisse.","robots":{"index":"index","follow":"follow","max-snippet":"max-snippet:-1","max-image-preview":"max-image-preview:large","max-video-preview":"max-video-preview:-1"},"canonical":"https:\/\/planubo.com\/de\/preise\/","og_locale":"de_DE","og_type":"article","og_title":"Preise - Planubo","og_description":"Beschreibe dein Use-Case-Szenario und wir erstellen einen individuellen Preis f\u00fcr deine Bed\u00fcrfnisse.","og_url":"https:\/\/planubo.com\/de\/preise\/","og_site_name":"Planubo","article_publisher":"https:\/\/www.facebook.com\/planubo\/","article_modified_time":"2023-09-10T08:45:08+00:00","og_image":[{"width":851,"height":576,"url":"https:\/\/planubo.com\/wp-content\/uploads\/2021\/01\/Calendar-attendance-feedback-smartphone-laptop.png","type":"image\/png"}],"twitter_card":"summary_large_image","twitter_site":"@Planubo","twitter_misc":{"Gesch\u00e4tzte Lesezeit":"2\u00a0Minuten"},"schema":{"@context":"https:\/\/schema.org","@graph":[{"@type":"WebPage","@id":"https:\/\/planubo.com\/de\/preise\/","url":"https:\/\/planubo.com\/de\/preise\/","name":"Preise - Planubo","isPartOf":{"@id":"https:\/\/planubo.com\/de\/#website"},"datePublished":"2021-05-16T09:47:14+00:00","dateModified":"2023-09-10T08:45:08+00:00","description":"Beschreibe dein Use-Case-Szenario und wir erstellen einen individuellen Preis f\u00fcr deine Bed\u00fcrfnisse.","breadcrumb":{"@id":"https:\/\/planubo.com\/de\/preise\/#breadcrumb"},"inLanguage":"de","potentialAction":[{"@type":"ReadAction","target":["https:\/\/planubo.com\/de\/preise\/"]}]},{"@type":"BreadcrumbList","@id":"https:\/\/planubo.com\/de\/preise\/#breadcrumb","itemListElement":[{"@type":"ListItem","position":1,"name":"Home","item":"https:\/\/planubo.com\/de\/"},{"@type":"ListItem","position":2,"name":"Preise"}]},{"@type":"WebSite","@id":"https:\/\/planubo.com\/de\/#website","url":"https:\/\/planubo.com\/de\/","name":"Planubo","description":"An all-in-one administrative software for any kind of instructor","publisher":{"@id":"https:\/\/planubo.com\/de\/#organization"},"potentialAction":[{"@type":"SearchAction","target":{"@type":"EntryPoint","urlTemplate":"https:\/\/planubo.com\/de\/?s={search_term_string}"},"query-input":{"@type":"PropertyValueSpecification","valueRequired":true,"valueName":"search_term_string"}}],"inLanguage":"de"},{"@type":"Organization","@id":"https:\/\/planubo.com\/de\/#organization","name":"Planubo","url":"https:\/\/planubo.com\/de\/","logo":{"@type":"ImageObject","inLanguage":"de","@id":"https:\/\/planubo.com\/de\/#\/schema\/logo\/image\/","url":"https:\/\/planubo.com\/wp-content\/uploads\/2020\/07\/planubo-logo.png","contentUrl":"https:\/\/planubo.com\/wp-content\/uploads\/2020\/07\/planubo-logo.png","width":64,"height":90,"caption":"Planubo"},"image":{"@id":"https:\/\/planubo.com\/de\/#\/schema\/logo\/image\/"},"sameAs":["https:\/\/www.facebook.com\/planubo\/","https:\/\/x.com\/Planubo","https:\/\/www.instagram.com\/planubo\/","https:\/\/www.linkedin.com\/company\/planubo\/","https:\/\/www.youtube.com\/channel\/UCaL5JTnmlKULN1rXwukDHkg"]}]}},"_links":{"self":[{"href":"https:\/\/planubo.com\/de\/wp-json\/wp\/v2\/pages\/4682","targetHints":{"allow":["GET"]}}],"collection":[{"href":"https:\/\/planubo.com\/de\/wp-json\/wp\/v2\/pages"}],"about":[{"href":"https:\/\/planubo.com\/de\/wp-json\/wp\/v2\/types\/page"}],"author":[{"embeddable":true,"href":"https:\/\/planubo.com\/de\/wp-json\/wp\/v2\/users\/2"}],"replies":[{"embeddable":true,"href":"https:\/\/planubo.com\/de\/wp-json\/wp\/v2\/comments?post=4682"}],"version-history":[{"count":107,"href":"https:\/\/planubo.com\/de\/wp-json\/wp\/v2\/pages\/4682\/revisions"}],"predecessor-version":[{"id":7288,"href":"https:\/\/planubo.com\/de\/wp-json\/wp\/v2\/pages\/4682\/revisions\/7288"}],"wp:attachment":[{"href":"https:\/\/planubo.com\/de\/wp-json\/wp\/v2\/media?parent=4682"}],"curies":[{"name":"wp","href":"https:\/\/api.w.org\/{rel}","templated":true}]}}