{"id":1831,"date":"2020-07-14T17:58:15","date_gmt":"2020-07-14T17:58:15","guid":{"rendered":"https:\/\/planubo.com\/impressum\/"},"modified":"2020-12-01T14:18:25","modified_gmt":"2020-12-01T14:18:25","slug":"impressum","status":"publish","type":"page","link":"https:\/\/planubo.com\/de\/impressum\/","title":{"rendered":"Impressum"},"content":{"rendered":"\t\t<div data-elementor-type=\"wp-page\" data-elementor-id=\"1831\" class=\"elementor elementor-1831 elementor-676\">\n\t\t\t\t\t\t<section class=\"elementor-section elementor-top-section elementor-element elementor-element-d3184d7 elementor-section-boxed elementor-section-height-default elementor-section-height-default\" data-id=\"d3184d7\" data-element_type=\"section\" data-settings=\"{&quot;background_background&quot;:&quot;classic&quot;}\">\n\t\t\t\t\t\t<div class=\"elementor-container elementor-column-gap-default\">\n\t\t\t\t\t<div class=\"elementor-column elementor-col-100 elementor-top-column elementor-element elementor-element-c23c555\" data-id=\"c23c555\" data-element_type=\"column\">\n\t\t\t<div class=\"elementor-widget-wrap elementor-element-populated\">\n\t\t\t\t\t\t<div class=\"elementor-element elementor-element-0133f72 elementor-widget elementor-widget-spacer\" data-id=\"0133f72\" data-element_type=\"widget\" data-widget_type=\"spacer.default\">\n\t\t\t\t<div class=\"elementor-widget-container\">\n\t\t\t\t\t\t\t<div class=\"elementor-spacer\">\n\t\t\t<div class=\"elementor-spacer-inner\"><\/div>\n\t\t<\/div>\n\t\t\t\t\t\t<\/div>\n\t\t\t\t<\/div>\n\t\t\t\t<div class=\"elementor-element elementor-element-8d62df3 elementor-widget elementor-widget-heading\" data-id=\"8d62df3\" data-element_type=\"widget\" data-widget_type=\"heading.default\">\n\t\t\t\t<div class=\"elementor-widget-container\">\n\t\t\t\t\t<h1 class=\"elementor-heading-title elementor-size-default\">Impressum<\/h1>\t\t\t\t<\/div>\n\t\t\t\t<\/div>\n\t\t\t\t<div class=\"elementor-element elementor-element-d89c482 elementor-widget elementor-widget-spacer\" data-id=\"d89c482\" data-element_type=\"widget\" data-widget_type=\"spacer.default\">\n\t\t\t\t<div class=\"elementor-widget-container\">\n\t\t\t\t\t\t\t<div class=\"elementor-spacer\">\n\t\t\t<div class=\"elementor-spacer-inner\"><\/div>\n\t\t<\/div>\n\t\t\t\t\t\t<\/div>\n\t\t\t\t<\/div>\n\t\t\t\t<div class=\"elementor-element elementor-element-11e6579 elementor-widget elementor-widget-text-editor\" data-id=\"11e6579\" data-element_type=\"widget\" data-widget_type=\"text-editor.default\">\n\t\t\t\t<div class=\"elementor-widget-container\">\n\t\t\t\t\t\t\t\t\t<p>Verantwortlich f\u00fcr diese Webseite gem\u00e4\u00df \u00a7 5 TMG:<\/p>\n<p>Planubo, Christoph Drechsler &amp; Michael Tenzer GbR<br \/>Am Hirtengarten 2<br \/>77743 Neuried<br \/>Deutschland<\/p>\n<p>Telefon: +49 7807 89089 76<br \/>E-Mail: info@planubo.com<br \/>Internetaddresse: <a href=\"https:\/\/planubo.com\/de\/\" target=\"_blank\" rel=\"noopener\">https:\/\/planubo.com<\/a><\/p>\n<p>Umsatzsteuer-ID gem\u00e4\u00df \u00a7 27a Umsatzsteuergesetz:<\/p>\n<p>DE327616070<\/p>\n<p>Verantwortlich f\u00fcr den Inhalt gem\u00e4\u00df \u00a7 55 Abs. 2 RStV:<\/p>\n<p>Planubo, Christoph Drechsler &amp; Michael Tenzer GbR<br \/>Am Hirtengarten 2<br \/>77743 Neuried<br \/>Deutschland<\/p>\n<h4>Online-Streitbeilegung<\/h4>\n<p>Die Europ\u00e4ische Kommission stellt eine Plattform f\u00fcr die au\u00dfergerichtliche Online-Streitbeilegung (OS-Plattform) bereit, aufrufbar unter <a href=\"http:\/\/ec.europa.eu\/consumers\/odr\/\" target=\"_blank\" rel=\"noopener\">http:\/\/ec.europa.eu\/consumers\/odr\/<\/a>.<br \/>Wir beteiligen uns nicht an Streitbeilegungsverfahren vor einer Verbraucherschlichtungsstelle.<\/p>\n<h4>Disclaimer<\/h4>\n<p>Bei direkten oder indirekten Verweisen auf fremde Webseiten (&#8222;Hyperlinks&#8220;), die au\u00dferhalb des Verantwortungsbereiches des Autors liegen, w\u00fcrde eine Haftungsverpflichtung ausschlie\u00dflich in dem Fall in Kraft treten, in dem der Autor von den Inhalten Kenntnis hat und es ihm technisch m\u00f6glich und zumutbar w\u00e4re, die Nutzung im Falle rechtswidriger Inhalte zu verhindern. Der Autor erkl\u00e4rt hiermit ausdr\u00fccklich, dass zum Zeitpunkt der Linksetzung keine illegalen Inhalte auf den zu verlinkenden Seiten erkennbar waren. Auf die aktuelle und zuk\u00fcnftige Gestaltung, die Inhalte oder die Urheberschaft der verlinkten\/verkn\u00fcpften Seiten hat der Autor keinerlei Einfluss. Deshalb distanziert er sich hiermit ausdr\u00fccklich von allen Inhalten aller verlinkten\/verkn\u00fcpften Seiten, die nach der Linksetzung ver\u00e4ndert wurden. Diese Feststellung gilt f\u00fcr alle innerhalb des eigenen Internetangebotes gesetzten Links und Verweise sowie f\u00fcr Fremdeintr\u00e4ge in vom Autor eingerichteten G\u00e4steb\u00fcchern, Diskussionsforen, Linkverzeichnissen, Mailinglisten und in allen anderen Formen von Datenbanken, auf deren Inhalt externe Schreibzugriffe m\u00f6glich sind. F\u00fcr illegale, fehlerhafte oder unvollst\u00e4ndige Inhalte und insbesondere f\u00fcr Sch\u00e4den, die aus der Nutzung oder Nichtnutzung solcherart dargebotener Informationen entstehen, haftet allein der Anbieter der Seite, auf welche verwiesen wurde, nicht derjenige, der \u00fcber Links auf die jeweilige Ver\u00f6ffentlichung lediglich verweist.<\/p>\n<h4>Urheber- und Kennzeichenrecht<\/h4>\n<p>Das Layout und der Inhalt dieser Website und der darin enthaltenen Dokumente unterliegen dem deutschen Urheberrecht. Reproduktionen jeglicher Art bed\u00fcrfen der schriftlichen Genehmigung der Planubo, Christoph Drechsler &amp; Michael Tenzer GbR. Der Autor ist bestrebt, in allen Publikationen die Urheberrechte der verwendeten Bilder, Grafiken, Tondokumente, Videosequenzen und Texte zu beachten, von ihm selbst erstellte Bilder, Grafiken, Tondokumente, Videosequenzen und Texte zu nutzen oder auf lizenzfreie Grafiken, Tondokumente, Videosequenzen und Texte zur\u00fcckzugreifen. Alle innerhalb des Internetangebotes genannten und ggf. durch Dritte gesch\u00fctzten Marken- und Warenzeichen unterliegen uneingeschr\u00e4nkt den Bestimmungen des jeweils g\u00fcltigen Kennzeichenrechts und den Besitzrechten der jeweiligen eingetragenen Eigent\u00fcmer. Allein aufgrund der blo\u00dfen Nennung ist nicht der Schluss zu ziehen, dass Markenzeichen nicht durch Rechte Dritter gesch\u00fctzt sind! Das Copyright f\u00fcr ver\u00f6ffentlichte, vom Autor selbst erstellte Objekte bleibt allein beim Autor der Seiten. Any duplication or use of objects such as diagrams, sounds or texts in other electronic or printed publications is not permitted without the author&#8217;s written agreement.<\/p>\n\t\t\t\t\t\t\t\t<\/div>\n\t\t\t\t<\/div>\n\t\t\t\t<div class=\"elementor-element elementor-element-474c980 elementor-widget elementor-widget-spacer\" data-id=\"474c980\" data-element_type=\"widget\" data-widget_type=\"spacer.default\">\n\t\t\t\t<div class=\"elementor-widget-container\">\n\t\t\t\t\t\t\t<div class=\"elementor-spacer\">\n\t\t\t<div class=\"elementor-spacer-inner\"><\/div>\n\t\t<\/div>\n\t\t\t\t\t\t<\/div>\n\t\t\t\t<\/div>\n\t\t\t\t\t<\/div>\n\t\t<\/div>\n\t\t\t\t\t<\/div>\n\t\t<\/section>\n\t\t\t\t<\/div>\n\t\t","protected":false},"excerpt":{"rendered":"<p>Impressum Verantwortlich f\u00fcr diese Webseite gem\u00e4\u00df \u00a7 5 TMG: Planubo, Christoph Drechsler &amp; Michael Tenzer GbRAm Hirtengarten 277743 NeuriedDeutschland Telefon: +49 7807 89089 76E-Mail: info@planubo.comInternetaddresse: https:\/\/planubo.com Umsatzsteuer-ID gem\u00e4\u00df \u00a7 27a Umsatzsteuergesetz: DE327616070 Verantwortlich f\u00fcr den Inhalt gem\u00e4\u00df \u00a7 55 Abs. 2 RStV: Planubo, Christoph Drechsler &amp; Michael Tenzer GbRAm Hirtengarten 277743 NeuriedDeutschland Online-Streitbeilegung Die Europ\u00e4ische&hellip;&nbsp;<\/p>\n<div class=\"read-more-wrapper\" style=\"padding: 10px 0 0;\"><a href=\"https:\/\/planubo.com\/de\/impressum\/\" class=\"button button-secondary\" rel=\"bookmark\">Mehr lesen &raquo;<span class=\"screen-reader-text\">Impressum<\/span><\/a><\/div>\n","protected":false},"author":1,"featured_media":0,"parent":0,"menu_order":0,"comment_status":"closed","ping_status":"closed","template":"page-templates\/template-pagebuilder-full-width.php","meta":{"neve_meta_sidebar":"full-width","neve_meta_container":"","neve_meta_enable_content_width":"on","neve_meta_content_width":100,"neve_meta_title_alignment":"","neve_meta_author_avatar":"","neve_post_elements_order":"","neve_meta_disable_header":"","neve_meta_disable_footer":"","neve_meta_disable_title":"","neve_meta_reading_time":"","footnotes":""},"class_list":["post-1831","page","type-page","status-publish","hentry"],"yoast_head":"<!-- This site is optimized with the Yoast SEO plugin v24.4 - https:\/\/yoast.com\/wordpress\/plugins\/seo\/ -->\n<title>Impressum - Planubo<\/title>\n<meta name=\"robots\" content=\"noindex, nofollow\" \/>\n<meta property=\"og:locale\" content=\"de_DE\" \/>\n<meta property=\"og:type\" content=\"article\" \/>\n<meta property=\"og:title\" content=\"Impressum - Planubo\" \/>\n<meta property=\"og:description\" content=\"Impressum Verantwortlich f\u00fcr diese Webseite gem\u00e4\u00df \u00a7 5 TMG: Planubo, Christoph Drechsler &amp; Michael Tenzer GbRAm Hirtengarten 277743 NeuriedDeutschland Telefon: +49 7807 89089 76E-Mail: info@planubo.comInternetaddresse: https:\/\/planubo.com Umsatzsteuer-ID gem\u00e4\u00df \u00a7 27a Umsatzsteuergesetz: DE327616070 Verantwortlich f\u00fcr den Inhalt gem\u00e4\u00df \u00a7 55 Abs. 2 RStV: Planubo, Christoph Drechsler &amp; Michael Tenzer GbRAm Hirtengarten 277743 NeuriedDeutschland Online-Streitbeilegung Die Europ\u00e4ische&hellip;&nbsp;Mehr lesen &raquo;Impressum\" \/>\n<meta property=\"og:url\" content=\"https:\/\/planubo.com\/de\/impressum\/\" \/>\n<meta property=\"og:site_name\" content=\"Planubo\" \/>\n<meta property=\"article:publisher\" content=\"https:\/\/www.facebook.com\/planubo\/\" \/>\n<meta property=\"article:modified_time\" content=\"2020-12-01T14:18:25+00:00\" \/>\n<meta property=\"og:image\" content=\"https:\/\/planubo.com\/wp-content\/uploads\/2021\/01\/Calendar-attendance-feedback-smartphone-laptop.png\" \/>\n\t<meta property=\"og:image:width\" content=\"851\" \/>\n\t<meta property=\"og:image:height\" content=\"576\" \/>\n\t<meta property=\"og:image:type\" content=\"image\/png\" \/>\n<meta name=\"twitter:card\" content=\"summary_large_image\" \/>\n<meta name=\"twitter:site\" content=\"@Planubo\" \/>\n<meta name=\"twitter:label1\" content=\"Gesch\u00e4tzte Lesezeit\" \/>\n\t<meta name=\"twitter:data1\" content=\"2\u00a0Minuten\" \/>\n<script type=\"application\/ld+json\" class=\"yoast-schema-graph\">{\"@context\":\"https:\/\/schema.org\",\"@graph\":[{\"@type\":\"WebPage\",\"@id\":\"https:\/\/planubo.com\/de\/impressum\/\",\"url\":\"https:\/\/planubo.com\/de\/impressum\/\",\"name\":\"Impressum - Planubo\",\"isPartOf\":{\"@id\":\"https:\/\/planubo.com\/de\/#website\"},\"datePublished\":\"2020-07-14T17:58:15+00:00\",\"dateModified\":\"2020-12-01T14:18:25+00:00\",\"breadcrumb\":{\"@id\":\"https:\/\/planubo.com\/de\/impressum\/#breadcrumb\"},\"inLanguage\":\"de\",\"potentialAction\":[{\"@type\":\"ReadAction\",\"target\":[\"https:\/\/planubo.com\/de\/impressum\/\"]}]},{\"@type\":\"BreadcrumbList\",\"@id\":\"https:\/\/planubo.com\/de\/impressum\/#breadcrumb\",\"itemListElement\":[{\"@type\":\"ListItem\",\"position\":1,\"name\":\"Home\",\"item\":\"https:\/\/planubo.com\/de\/\"},{\"@type\":\"ListItem\",\"position\":2,\"name\":\"Impressum\"}]},{\"@type\":\"WebSite\",\"@id\":\"https:\/\/planubo.com\/de\/#website\",\"url\":\"https:\/\/planubo.com\/de\/\",\"name\":\"Planubo\",\"description\":\"An all-in-one administrative software for any kind of instructor\",\"publisher\":{\"@id\":\"https:\/\/planubo.com\/de\/#organization\"},\"potentialAction\":[{\"@type\":\"SearchAction\",\"target\":{\"@type\":\"EntryPoint\",\"urlTemplate\":\"https:\/\/planubo.com\/de\/?s={search_term_string}\"},\"query-input\":{\"@type\":\"PropertyValueSpecification\",\"valueRequired\":true,\"valueName\":\"search_term_string\"}}],\"inLanguage\":\"de\"},{\"@type\":\"Organization\",\"@id\":\"https:\/\/planubo.com\/de\/#organization\",\"name\":\"Planubo\",\"url\":\"https:\/\/planubo.com\/de\/\",\"logo\":{\"@type\":\"ImageObject\",\"inLanguage\":\"de\",\"@id\":\"https:\/\/planubo.com\/de\/#\/schema\/logo\/image\/\",\"url\":\"https:\/\/planubo.com\/wp-content\/uploads\/2020\/07\/planubo-logo.png\",\"contentUrl\":\"https:\/\/planubo.com\/wp-content\/uploads\/2020\/07\/planubo-logo.png\",\"width\":64,\"height\":90,\"caption\":\"Planubo\"},\"image\":{\"@id\":\"https:\/\/planubo.com\/de\/#\/schema\/logo\/image\/\"},\"sameAs\":[\"https:\/\/www.facebook.com\/planubo\/\",\"https:\/\/x.com\/Planubo\",\"https:\/\/www.instagram.com\/planubo\/\",\"https:\/\/www.linkedin.com\/company\/planubo\/\",\"https:\/\/www.youtube.com\/channel\/UCaL5JTnmlKULN1rXwukDHkg\"]}]}<\/script>\n<!-- \/ Yoast SEO plugin. -->","yoast_head_json":{"title":"Impressum - Planubo","robots":{"index":"noindex","follow":"nofollow"},"og_locale":"de_DE","og_type":"article","og_title":"Impressum - Planubo","og_description":"Impressum Verantwortlich f\u00fcr diese Webseite gem\u00e4\u00df \u00a7 5 TMG: Planubo, Christoph Drechsler &amp; Michael Tenzer GbRAm Hirtengarten 277743 NeuriedDeutschland Telefon: +49 7807 89089 76E-Mail: info@planubo.comInternetaddresse: https:\/\/planubo.com Umsatzsteuer-ID gem\u00e4\u00df \u00a7 27a Umsatzsteuergesetz: DE327616070 Verantwortlich f\u00fcr den Inhalt gem\u00e4\u00df \u00a7 55 Abs. 2 RStV: Planubo, Christoph Drechsler &amp; Michael Tenzer GbRAm Hirtengarten 277743 NeuriedDeutschland Online-Streitbeilegung Die Europ\u00e4ische&hellip;&nbsp;Mehr lesen &raquo;Impressum","og_url":"https:\/\/planubo.com\/de\/impressum\/","og_site_name":"Planubo","article_publisher":"https:\/\/www.facebook.com\/planubo\/","article_modified_time":"2020-12-01T14:18:25+00:00","og_image":[{"width":851,"height":576,"url":"https:\/\/planubo.com\/wp-content\/uploads\/2021\/01\/Calendar-attendance-feedback-smartphone-laptop.png","type":"image\/png"}],"twitter_card":"summary_large_image","twitter_site":"@Planubo","twitter_misc":{"Gesch\u00e4tzte Lesezeit":"2\u00a0Minuten"},"schema":{"@context":"https:\/\/schema.org","@graph":[{"@type":"WebPage","@id":"https:\/\/planubo.com\/de\/impressum\/","url":"https:\/\/planubo.com\/de\/impressum\/","name":"Impressum - Planubo","isPartOf":{"@id":"https:\/\/planubo.com\/de\/#website"},"datePublished":"2020-07-14T17:58:15+00:00","dateModified":"2020-12-01T14:18:25+00:00","breadcrumb":{"@id":"https:\/\/planubo.com\/de\/impressum\/#breadcrumb"},"inLanguage":"de","potentialAction":[{"@type":"ReadAction","target":["https:\/\/planubo.com\/de\/impressum\/"]}]},{"@type":"BreadcrumbList","@id":"https:\/\/planubo.com\/de\/impressum\/#breadcrumb","itemListElement":[{"@type":"ListItem","position":1,"name":"Home","item":"https:\/\/planubo.com\/de\/"},{"@type":"ListItem","position":2,"name":"Impressum"}]},{"@type":"WebSite","@id":"https:\/\/planubo.com\/de\/#website","url":"https:\/\/planubo.com\/de\/","name":"Planubo","description":"An all-in-one administrative software for any kind of instructor","publisher":{"@id":"https:\/\/planubo.com\/de\/#organization"},"potentialAction":[{"@type":"SearchAction","target":{"@type":"EntryPoint","urlTemplate":"https:\/\/planubo.com\/de\/?s={search_term_string}"},"query-input":{"@type":"PropertyValueSpecification","valueRequired":true,"valueName":"search_term_string"}}],"inLanguage":"de"},{"@type":"Organization","@id":"https:\/\/planubo.com\/de\/#organization","name":"Planubo","url":"https:\/\/planubo.com\/de\/","logo":{"@type":"ImageObject","inLanguage":"de","@id":"https:\/\/planubo.com\/de\/#\/schema\/logo\/image\/","url":"https:\/\/planubo.com\/wp-content\/uploads\/2020\/07\/planubo-logo.png","contentUrl":"https:\/\/planubo.com\/wp-content\/uploads\/2020\/07\/planubo-logo.png","width":64,"height":90,"caption":"Planubo"},"image":{"@id":"https:\/\/planubo.com\/de\/#\/schema\/logo\/image\/"},"sameAs":["https:\/\/www.facebook.com\/planubo\/","https:\/\/x.com\/Planubo","https:\/\/www.instagram.com\/planubo\/","https:\/\/www.linkedin.com\/company\/planubo\/","https:\/\/www.youtube.com\/channel\/UCaL5JTnmlKULN1rXwukDHkg"]}]}},"_links":{"self":[{"href":"https:\/\/planubo.com\/de\/wp-json\/wp\/v2\/pages\/1831","targetHints":{"allow":["GET"]}}],"collection":[{"href":"https:\/\/planubo.com\/de\/wp-json\/wp\/v2\/pages"}],"about":[{"href":"https:\/\/planubo.com\/de\/wp-json\/wp\/v2\/types\/page"}],"author":[{"embeddable":true,"href":"https:\/\/planubo.com\/de\/wp-json\/wp\/v2\/users\/1"}],"replies":[{"embeddable":true,"href":"https:\/\/planubo.com\/de\/wp-json\/wp\/v2\/comments?post=1831"}],"version-history":[{"count":6,"href":"https:\/\/planubo.com\/de\/wp-json\/wp\/v2\/pages\/1831\/revisions"}],"predecessor-version":[{"id":3209,"href":"https:\/\/planubo.com\/de\/wp-json\/wp\/v2\/pages\/1831\/revisions\/3209"}],"wp:attachment":[{"href":"https:\/\/planubo.com\/de\/wp-json\/wp\/v2\/media?parent=1831"}],"curies":[{"name":"wp","href":"https:\/\/api.w.org\/{rel}","templated":true}]}}