{"id":1810,"date":"2020-07-14T17:55:40","date_gmt":"2020-07-14T17:55:40","guid":{"rendered":"https:\/\/planubo.com\/kontakt\/"},"modified":"2022-05-23T14:34:57","modified_gmt":"2022-05-23T14:34:57","slug":"kontakt","status":"publish","type":"page","link":"https:\/\/planubo.com\/de\/kontakt\/","title":{"rendered":"Kontakt"},"content":{"rendered":"\t\t<div data-elementor-type=\"wp-page\" data-elementor-id=\"1810\" class=\"elementor elementor-1810 elementor-669\">\n\t\t\t\t\t\t<section class=\"elementor-section elementor-top-section elementor-element elementor-element-3d3d021 elementor-section-boxed elementor-section-height-default elementor-section-height-default\" data-id=\"3d3d021\" data-element_type=\"section\" data-settings=\"{&quot;background_background&quot;:&quot;classic&quot;}\">\n\t\t\t\t\t\t\t<div class=\"elementor-background-overlay\"><\/div>\n\t\t\t\t\t\t\t<div class=\"elementor-container elementor-column-gap-default\">\n\t\t\t\t\t<div class=\"elementor-column elementor-col-100 elementor-top-column elementor-element elementor-element-d376ae4 animated-fast\" data-id=\"d376ae4\" data-element_type=\"column\" data-settings=\"{&quot;animation&quot;:&quot;none&quot;}\">\n\t\t\t<div class=\"elementor-widget-wrap elementor-element-populated\">\n\t\t\t\t\t\t<div class=\"elementor-element elementor-element-4e9a774 elementor-widget elementor-widget-menu-anchor\" data-id=\"4e9a774\" data-element_type=\"widget\" data-widget_type=\"menu-anchor.default\">\n\t\t\t\t<div class=\"elementor-widget-container\">\n\t\t\t\t\t\t\t<div class=\"elementor-menu-anchor\" id=\"kontakt\"><\/div>\n\t\t\t\t\t\t<\/div>\n\t\t\t\t<\/div>\n\t\t\t\t<div class=\"elementor-element elementor-element-e92a36a elementor-widget elementor-widget-spacer\" data-id=\"e92a36a\" data-element_type=\"widget\" data-widget_type=\"spacer.default\">\n\t\t\t\t<div class=\"elementor-widget-container\">\n\t\t\t\t\t\t\t<div class=\"elementor-spacer\">\n\t\t\t<div class=\"elementor-spacer-inner\"><\/div>\n\t\t<\/div>\n\t\t\t\t\t\t<\/div>\n\t\t\t\t<\/div>\n\t\t\t\t<div class=\"elementor-element elementor-element-401bb3d elementor-widget elementor-widget-heading\" data-id=\"401bb3d\" data-element_type=\"widget\" data-widget_type=\"heading.default\">\n\t\t\t\t<div class=\"elementor-widget-container\">\n\t\t\t\t\t<h1 class=\"elementor-heading-title elementor-size-default\">Planubo<\/h1>\t\t\t\t<\/div>\n\t\t\t\t<\/div>\n\t\t\t\t<div class=\"elementor-element elementor-element-bb5b003 elementor-widget elementor-widget-heading\" data-id=\"bb5b003\" data-element_type=\"widget\" data-widget_type=\"heading.default\">\n\t\t\t\t<div class=\"elementor-widget-container\">\n\t\t\t\t\t<div class=\"elementor-heading-title elementor-size-default\">Wir helfen gerne. Bei Fragen und Feedback stehen wir dir jederzeit zur Verf\u00fcgung. Du kannst dieses Formular auch verwenden, um eine Produktdemo zu vereinbaren. Wir werden uns schnellstm\u00f6glich bei dir zur\u00fcckmelden.<\/div>\t\t\t\t<\/div>\n\t\t\t\t<\/div>\n\t\t\t\t<section class=\"elementor-section elementor-inner-section elementor-element elementor-element-fb0b2e3 elementor-section-boxed elementor-section-height-default elementor-section-height-default\" data-id=\"fb0b2e3\" data-element_type=\"section\">\n\t\t\t\t\t\t<div class=\"elementor-container elementor-column-gap-default\">\n\t\t\t\t\t<div class=\"elementor-column elementor-col-33 elementor-inner-column elementor-element elementor-element-8883389\" data-id=\"8883389\" data-element_type=\"column\">\n\t\t\t<div class=\"elementor-widget-wrap\">\n\t\t\t\t\t\t\t<\/div>\n\t\t<\/div>\n\t\t\t\t<div class=\"elementor-column elementor-col-33 elementor-inner-column elementor-element elementor-element-23571f1\" data-id=\"23571f1\" data-element_type=\"column\">\n\t\t\t<div class=\"elementor-widget-wrap elementor-element-populated\">\n\t\t\t\t\t\t<div class=\"elementor-element elementor-element-a56874f animated-fast elementor-widget elementor-widget-wp-widget-wpforms-widget\" data-id=\"a56874f\" data-element_type=\"widget\" data-settings=\"{&quot;_animation&quot;:&quot;none&quot;}\" data-widget_type=\"wp-widget-wpforms-widget.default\">\n\t\t\t\t<div class=\"elementor-widget-container\">\n\t\t\t\t\t<div class=\"wpforms-container wpforms-container-full contact-form\" id=\"wpforms-925\"><form id=\"wpforms-form-925\" class=\"wpforms-validate wpforms-form\" data-formid=\"925\" method=\"post\" enctype=\"multipart\/form-data\" action=\"\/de\/wp-json\/wp\/v2\/pages\/1810\" data-token=\"b4bbf70e4f4284cf4b122e4db162b076\" data-token-time=\"1775621316\"><noscript class=\"wpforms-error-noscript\">Bitte aktiviere JavaScript in deinem Browser, um dieses Formular fertigzustellen.<\/noscript><div class=\"wpforms-field-container\"><div id=\"wpforms-925-field_0-container\" class=\"wpforms-field wpforms-field-name wpforms-one-half wpforms-first\" data-field-id=\"0\"><label class=\"wpforms-field-label wpforms-label-hide\" for=\"wpforms-925-field_0\">Name <span class=\"wpforms-required-label\">*<\/span><\/label><input type=\"text\" id=\"wpforms-925-field_0\" class=\"wpforms-field-large wpforms-field-required\" name=\"wpforms[fields][0]\" placeholder=\"Dein Name *\" required><\/div><div id=\"wpforms-925-field_1-container\" class=\"wpforms-field wpforms-field-email wpforms-one-half\" data-field-id=\"1\"><label class=\"wpforms-field-label wpforms-label-hide\" for=\"wpforms-925-field_1\">Email <span class=\"wpforms-required-label\">*<\/span><\/label><input type=\"email\" id=\"wpforms-925-field_1\" class=\"wpforms-field-large wpforms-field-required\" name=\"wpforms[fields][1]\" placeholder=\"Deine Email *\" spellcheck=\"false\" required><\/div><div id=\"wpforms-925-field_2-container\" class=\"wpforms-field wpforms-field-text\" data-field-id=\"2\"><label class=\"wpforms-field-label wpforms-label-hide\" for=\"wpforms-925-field_2\">Betreff <span class=\"wpforms-required-label\">*<\/span><\/label><input type=\"text\" id=\"wpforms-925-field_2\" class=\"wpforms-field-large wpforms-field-required\" name=\"wpforms[fields][2]\" placeholder=\"Dein Betreff *\" required><\/div><div id=\"wpforms-925-field_3-container\" class=\"wpforms-field wpforms-field-textarea\" data-field-id=\"3\"><label class=\"wpforms-field-label wpforms-label-hide\" for=\"wpforms-925-field_3\">Deine Nachricht <span class=\"wpforms-required-label\">*<\/span><\/label><textarea id=\"wpforms-925-field_3\" class=\"wpforms-field-medium wpforms-field-required\" name=\"wpforms[fields][3]\" placeholder=\"Deine Nachricht *\" required><\/textarea><\/div><div id=\"wpforms-925-field_6-container\" class=\"wpforms-field wpforms-field-gdpr-checkbox wpf-terms\" data-field-id=\"6\"><label class=\"wpforms-field-label wpforms-label-hide\">Bedingungen <span class=\"wpforms-required-label\">*<\/span><\/label><ul id=\"wpforms-925-field_6\" class=\"wpforms-field-required\"><li class=\"choice-1\"><input type=\"checkbox\" id=\"wpforms-925-field_6_1\" name=\"wpforms[fields][6][]\" value=\"Ich habe die &lt;a style=&quot;color: white; text-decoration: underline;&quot; href=&quot;https:\/\/planubo.com\/de\/datenschutzerklaerung\/&quot; target=&quot;_blank&quot;&gt;Datenschutzerkl\u00e4rung&lt;\/a&gt; zur Kenntnis genommen und akzeptiert. Ich stimme zu, dass meine Formularangaben zur Kontaktaufnahme bzw. zur Bearbeitung meines Anliegens gespeichert werden.\" required ><label class=\"wpforms-field-label-inline\" for=\"wpforms-925-field_6_1\">Ich habe die <a style=\"color: white;text-decoration: underline\" href=\"https:\/\/planubo.com\/de\/datenschutzerklaerung\/\" target=\"_blank\">Datenschutzerkl\u00e4rung<\/a> zur Kenntnis genommen und akzeptiert. Ich stimme zu, dass meine Formularangaben zur Kontaktaufnahme bzw. zur Bearbeitung meines Anliegens gespeichert werden. <span class=\"wpforms-required-label\">*<\/span><\/label><\/li><\/ul><\/div><\/div><!-- .wpforms-field-container --><div class=\"wpforms-field wpforms-field-hp\"><label for=\"wpforms-925-field-hp\" class=\"wpforms-field-label\">Website<\/label><input type=\"text\" name=\"wpforms[hp]\" id=\"wpforms-925-field-hp\" class=\"wpforms-field-medium\"><\/div><div class=\"wpforms-recaptcha-container wpforms-is-recaptcha wpforms-is-recaptcha-type-invisible\" ><div class=\"g-recaptcha\" data-sitekey=\"6LewubkZAAAAAMKuwTcURIMEe9UeU5Ub7QxBfLGV\" data-size=\"invisible\"><\/div><\/div><div class=\"wpforms-submit-container\" ><input type=\"hidden\" name=\"wpforms[id]\" value=\"925\"><input type=\"hidden\" name=\"page_title\" value=\"\"><input type=\"hidden\" name=\"page_url\" value=\"https:\/\/planubo.com\/de\/wp-json\/wp\/v2\/pages\/1810\"><button type=\"submit\" name=\"wpforms[submit]\" id=\"wpforms-submit-925\" class=\"wpforms-submit wpf-button\" aria-live=\"assertive\" value=\"wpforms-submit\">NACHRICHT SENDEN<\/button><\/div><\/form><\/div>  <!-- .wpforms-container -->\t\t\t\t<\/div>\n\t\t\t\t<\/div>\n\t\t\t\t\t<\/div>\n\t\t<\/div>\n\t\t\t\t<div class=\"elementor-column elementor-col-33 elementor-inner-column elementor-element elementor-element-24c250a\" data-id=\"24c250a\" data-element_type=\"column\">\n\t\t\t<div class=\"elementor-widget-wrap\">\n\t\t\t\t\t\t\t<\/div>\n\t\t<\/div>\n\t\t\t\t\t<\/div>\n\t\t<\/section>\n\t\t\t\t\t<\/div>\n\t\t<\/div>\n\t\t\t\t\t<\/div>\n\t\t<\/section>\n\t\t\t\t<\/div>\n\t\t","protected":false},"excerpt":{"rendered":"<p>Planubo Wir helfen gerne. Bei Fragen und Feedback stehen wir dir jederzeit zur Verf\u00fcgung. Du kannst dieses Formular auch verwenden, um eine Produktdemo zu vereinbaren. Wir werden uns schnellstm\u00f6glich bei dir zur\u00fcckmelden.<\/p>\n","protected":false},"author":1,"featured_media":0,"parent":0,"menu_order":0,"comment_status":"closed","ping_status":"closed","template":"page-templates\/template-pagebuilder-full-width.php","meta":{"neve_meta_sidebar":"full-width","neve_meta_container":"","neve_meta_enable_content_width":"on","neve_meta_content_width":100,"neve_meta_title_alignment":"","neve_meta_author_avatar":"","neve_post_elements_order":"","neve_meta_disable_header":"","neve_meta_disable_footer":"","neve_meta_disable_title":"","neve_meta_reading_time":"","footnotes":""},"class_list":["post-1810","page","type-page","status-publish","hentry"],"yoast_head":"<!-- This site is optimized with the Yoast SEO plugin v24.4 - https:\/\/yoast.com\/wordpress\/plugins\/seo\/ -->\n<title>Kontakt - Planubo<\/title>\n<meta name=\"description\" content=\"Wir helfen gerne. Bei Fragen und Feedback stehen wir dir jederzeit zur Verf\u00fcgung. Unser Team wird sich schnellstm\u00f6glich zur\u00fcckmelden.\" \/>\n<meta name=\"robots\" content=\"index, follow, max-snippet:-1, max-image-preview:large, max-video-preview:-1\" \/>\n<link rel=\"canonical\" href=\"https:\/\/planubo.com\/de\/kontakt\/\" \/>\n<meta property=\"og:locale\" content=\"de_DE\" \/>\n<meta property=\"og:type\" content=\"article\" \/>\n<meta property=\"og:title\" content=\"Kontakt - Planubo\" \/>\n<meta property=\"og:description\" content=\"Wir helfen gerne. Bei Fragen und Feedback stehen wir dir jederzeit zur Verf\u00fcgung. Unser Team wird sich schnellstm\u00f6glich zur\u00fcckmelden.\" \/>\n<meta property=\"og:url\" content=\"https:\/\/planubo.com\/de\/kontakt\/\" \/>\n<meta property=\"og:site_name\" content=\"Planubo\" \/>\n<meta property=\"article:publisher\" content=\"https:\/\/www.facebook.com\/planubo\/\" \/>\n<meta property=\"article:modified_time\" content=\"2022-05-23T14:34:57+00:00\" \/>\n<meta property=\"og:image\" content=\"https:\/\/planubo.com\/wp-content\/uploads\/2021\/01\/Calendar-attendance-feedback-smartphone-laptop.png\" \/>\n\t<meta property=\"og:image:width\" content=\"851\" \/>\n\t<meta property=\"og:image:height\" content=\"576\" \/>\n\t<meta property=\"og:image:type\" content=\"image\/png\" \/>\n<meta name=\"twitter:card\" content=\"summary_large_image\" \/>\n<meta name=\"twitter:site\" content=\"@Planubo\" \/>\n<meta name=\"twitter:label1\" content=\"Gesch\u00e4tzte Lesezeit\" \/>\n\t<meta name=\"twitter:data1\" content=\"1\u00a0Minute\" \/>\n<script type=\"application\/ld+json\" class=\"yoast-schema-graph\">{\"@context\":\"https:\/\/schema.org\",\"@graph\":[{\"@type\":\"WebPage\",\"@id\":\"https:\/\/planubo.com\/de\/kontakt\/\",\"url\":\"https:\/\/planubo.com\/de\/kontakt\/\",\"name\":\"Kontakt - Planubo\",\"isPartOf\":{\"@id\":\"https:\/\/planubo.com\/de\/#website\"},\"datePublished\":\"2020-07-14T17:55:40+00:00\",\"dateModified\":\"2022-05-23T14:34:57+00:00\",\"description\":\"Wir helfen gerne. Bei Fragen und Feedback stehen wir dir jederzeit zur Verf\u00fcgung. Unser Team wird sich schnellstm\u00f6glich zur\u00fcckmelden.\",\"breadcrumb\":{\"@id\":\"https:\/\/planubo.com\/de\/kontakt\/#breadcrumb\"},\"inLanguage\":\"de\",\"potentialAction\":[{\"@type\":\"ReadAction\",\"target\":[\"https:\/\/planubo.com\/de\/kontakt\/\"]}]},{\"@type\":\"BreadcrumbList\",\"@id\":\"https:\/\/planubo.com\/de\/kontakt\/#breadcrumb\",\"itemListElement\":[{\"@type\":\"ListItem\",\"position\":1,\"name\":\"Home\",\"item\":\"https:\/\/planubo.com\/de\/\"},{\"@type\":\"ListItem\",\"position\":2,\"name\":\"Kontakt\"}]},{\"@type\":\"WebSite\",\"@id\":\"https:\/\/planubo.com\/de\/#website\",\"url\":\"https:\/\/planubo.com\/de\/\",\"name\":\"Planubo\",\"description\":\"An all-in-one administrative software for any kind of instructor\",\"publisher\":{\"@id\":\"https:\/\/planubo.com\/de\/#organization\"},\"potentialAction\":[{\"@type\":\"SearchAction\",\"target\":{\"@type\":\"EntryPoint\",\"urlTemplate\":\"https:\/\/planubo.com\/de\/?s={search_term_string}\"},\"query-input\":{\"@type\":\"PropertyValueSpecification\",\"valueRequired\":true,\"valueName\":\"search_term_string\"}}],\"inLanguage\":\"de\"},{\"@type\":\"Organization\",\"@id\":\"https:\/\/planubo.com\/de\/#organization\",\"name\":\"Planubo\",\"url\":\"https:\/\/planubo.com\/de\/\",\"logo\":{\"@type\":\"ImageObject\",\"inLanguage\":\"de\",\"@id\":\"https:\/\/planubo.com\/de\/#\/schema\/logo\/image\/\",\"url\":\"https:\/\/planubo.com\/wp-content\/uploads\/2020\/07\/planubo-logo.png\",\"contentUrl\":\"https:\/\/planubo.com\/wp-content\/uploads\/2020\/07\/planubo-logo.png\",\"width\":64,\"height\":90,\"caption\":\"Planubo\"},\"image\":{\"@id\":\"https:\/\/planubo.com\/de\/#\/schema\/logo\/image\/\"},\"sameAs\":[\"https:\/\/www.facebook.com\/planubo\/\",\"https:\/\/x.com\/Planubo\",\"https:\/\/www.instagram.com\/planubo\/\",\"https:\/\/www.linkedin.com\/company\/planubo\/\",\"https:\/\/www.youtube.com\/channel\/UCaL5JTnmlKULN1rXwukDHkg\"]}]}<\/script>\n<!-- \/ Yoast SEO plugin. -->","yoast_head_json":{"title":"Kontakt - Planubo","description":"Wir helfen gerne. Bei Fragen und Feedback stehen wir dir jederzeit zur Verf\u00fcgung. Unser Team wird sich schnellstm\u00f6glich zur\u00fcckmelden.","robots":{"index":"index","follow":"follow","max-snippet":"max-snippet:-1","max-image-preview":"max-image-preview:large","max-video-preview":"max-video-preview:-1"},"canonical":"https:\/\/planubo.com\/de\/kontakt\/","og_locale":"de_DE","og_type":"article","og_title":"Kontakt - Planubo","og_description":"Wir helfen gerne. Bei Fragen und Feedback stehen wir dir jederzeit zur Verf\u00fcgung. Unser Team wird sich schnellstm\u00f6glich zur\u00fcckmelden.","og_url":"https:\/\/planubo.com\/de\/kontakt\/","og_site_name":"Planubo","article_publisher":"https:\/\/www.facebook.com\/planubo\/","article_modified_time":"2022-05-23T14:34:57+00:00","og_image":[{"width":851,"height":576,"url":"https:\/\/planubo.com\/wp-content\/uploads\/2021\/01\/Calendar-attendance-feedback-smartphone-laptop.png","type":"image\/png"}],"twitter_card":"summary_large_image","twitter_site":"@Planubo","twitter_misc":{"Gesch\u00e4tzte Lesezeit":"1\u00a0Minute"},"schema":{"@context":"https:\/\/schema.org","@graph":[{"@type":"WebPage","@id":"https:\/\/planubo.com\/de\/kontakt\/","url":"https:\/\/planubo.com\/de\/kontakt\/","name":"Kontakt - Planubo","isPartOf":{"@id":"https:\/\/planubo.com\/de\/#website"},"datePublished":"2020-07-14T17:55:40+00:00","dateModified":"2022-05-23T14:34:57+00:00","description":"Wir helfen gerne. Bei Fragen und Feedback stehen wir dir jederzeit zur Verf\u00fcgung. Unser Team wird sich schnellstm\u00f6glich zur\u00fcckmelden.","breadcrumb":{"@id":"https:\/\/planubo.com\/de\/kontakt\/#breadcrumb"},"inLanguage":"de","potentialAction":[{"@type":"ReadAction","target":["https:\/\/planubo.com\/de\/kontakt\/"]}]},{"@type":"BreadcrumbList","@id":"https:\/\/planubo.com\/de\/kontakt\/#breadcrumb","itemListElement":[{"@type":"ListItem","position":1,"name":"Home","item":"https:\/\/planubo.com\/de\/"},{"@type":"ListItem","position":2,"name":"Kontakt"}]},{"@type":"WebSite","@id":"https:\/\/planubo.com\/de\/#website","url":"https:\/\/planubo.com\/de\/","name":"Planubo","description":"An all-in-one administrative software for any kind of instructor","publisher":{"@id":"https:\/\/planubo.com\/de\/#organization"},"potentialAction":[{"@type":"SearchAction","target":{"@type":"EntryPoint","urlTemplate":"https:\/\/planubo.com\/de\/?s={search_term_string}"},"query-input":{"@type":"PropertyValueSpecification","valueRequired":true,"valueName":"search_term_string"}}],"inLanguage":"de"},{"@type":"Organization","@id":"https:\/\/planubo.com\/de\/#organization","name":"Planubo","url":"https:\/\/planubo.com\/de\/","logo":{"@type":"ImageObject","inLanguage":"de","@id":"https:\/\/planubo.com\/de\/#\/schema\/logo\/image\/","url":"https:\/\/planubo.com\/wp-content\/uploads\/2020\/07\/planubo-logo.png","contentUrl":"https:\/\/planubo.com\/wp-content\/uploads\/2020\/07\/planubo-logo.png","width":64,"height":90,"caption":"Planubo"},"image":{"@id":"https:\/\/planubo.com\/de\/#\/schema\/logo\/image\/"},"sameAs":["https:\/\/www.facebook.com\/planubo\/","https:\/\/x.com\/Planubo","https:\/\/www.instagram.com\/planubo\/","https:\/\/www.linkedin.com\/company\/planubo\/","https:\/\/www.youtube.com\/channel\/UCaL5JTnmlKULN1rXwukDHkg"]}]}},"_links":{"self":[{"href":"https:\/\/planubo.com\/de\/wp-json\/wp\/v2\/pages\/1810","targetHints":{"allow":["GET"]}}],"collection":[{"href":"https:\/\/planubo.com\/de\/wp-json\/wp\/v2\/pages"}],"about":[{"href":"https:\/\/planubo.com\/de\/wp-json\/wp\/v2\/types\/page"}],"author":[{"embeddable":true,"href":"https:\/\/planubo.com\/de\/wp-json\/wp\/v2\/users\/1"}],"replies":[{"embeddable":true,"href":"https:\/\/planubo.com\/de\/wp-json\/wp\/v2\/comments?post=1810"}],"version-history":[{"count":13,"href":"https:\/\/planubo.com\/de\/wp-json\/wp\/v2\/pages\/1810\/revisions"}],"predecessor-version":[{"id":4836,"href":"https:\/\/planubo.com\/de\/wp-json\/wp\/v2\/pages\/1810\/revisions\/4836"}],"wp:attachment":[{"href":"https:\/\/planubo.com\/de\/wp-json\/wp\/v2\/media?parent=1810"}],"curies":[{"name":"wp","href":"https:\/\/api.w.org\/{rel}","templated":true}]}}