{"id":1680,"date":"2020-07-14T17:56:30","date_gmt":"2020-07-14T17:56:30","guid":{"rendered":"https:\/\/planubo.com\/ueber-uns\/"},"modified":"2024-02-06T16:44:57","modified_gmt":"2024-02-06T16:44:57","slug":"ueber-uns","status":"publish","type":"page","link":"https:\/\/planubo.com\/de\/ueber-uns\/","title":{"rendered":"\u00dcber uns"},"content":{"rendered":"\t\t<div data-elementor-type=\"wp-page\" data-elementor-id=\"1680\" class=\"elementor elementor-1680 elementor-671\">\n\t\t\t\t\t\t<section class=\"elementor-section elementor-top-section elementor-element elementor-element-445488a elementor-section-boxed elementor-section-height-default elementor-section-height-default\" data-id=\"445488a\" data-element_type=\"section\" data-settings=\"{&quot;background_background&quot;:&quot;classic&quot;}\">\n\t\t\t\t\t\t<div class=\"elementor-container elementor-column-gap-default\">\n\t\t\t\t\t<div class=\"elementor-column elementor-col-100 elementor-top-column elementor-element elementor-element-f3edfed\" data-id=\"f3edfed\" data-element_type=\"column\">\n\t\t\t<div class=\"elementor-widget-wrap elementor-element-populated\">\n\t\t\t\t\t\t<div class=\"elementor-element elementor-element-ba1ab46 elementor-widget elementor-widget-spacer\" data-id=\"ba1ab46\" data-element_type=\"widget\" data-widget_type=\"spacer.default\">\n\t\t\t\t<div class=\"elementor-widget-container\">\n\t\t\t\t\t\t\t<div class=\"elementor-spacer\">\n\t\t\t<div class=\"elementor-spacer-inner\"><\/div>\n\t\t<\/div>\n\t\t\t\t\t\t<\/div>\n\t\t\t\t<\/div>\n\t\t\t\t<div class=\"elementor-element elementor-element-397d576 animated-fast elementor-widget elementor-widget-heading\" data-id=\"397d576\" data-element_type=\"widget\" data-settings=\"{&quot;_animation&quot;:&quot;none&quot;}\" data-widget_type=\"heading.default\">\n\t\t\t\t<div class=\"elementor-widget-container\">\n\t\t\t\t\t<h1 class=\"elementor-heading-title elementor-size-default\">Lerne Planubo kennen<\/h1>\t\t\t\t<\/div>\n\t\t\t\t<\/div>\n\t\t\t\t<div class=\"elementor-element elementor-element-9559431 elementor-widget elementor-widget-spacer\" data-id=\"9559431\" data-element_type=\"widget\" data-widget_type=\"spacer.default\">\n\t\t\t\t<div class=\"elementor-widget-container\">\n\t\t\t\t\t\t\t<div class=\"elementor-spacer\">\n\t\t\t<div class=\"elementor-spacer-inner\"><\/div>\n\t\t<\/div>\n\t\t\t\t\t\t<\/div>\n\t\t\t\t<\/div>\n\t\t\t\t<div class=\"elementor-element elementor-element-6886048 elementor-widget elementor-widget-text-editor\" data-id=\"6886048\" data-element_type=\"widget\" data-widget_type=\"text-editor.default\">\n\t\t\t\t<div class=\"elementor-widget-container\">\n\t\t\t\t\t\t\t\t\t<p style=\"text-align: center;\">Unser wichtigstes Ziel ist es, eine starke und erfolgreiche Partnerschaft mit unseren Kunden aufzubauen. Unser Ziel ist es, Ihre Gesch\u00e4ftsabl\u00e4ufe zu optimieren, sie effizienter und effektiver zu machen und gleichzeitig bemerkenswerte L\u00f6sungen zu liefern, die sich nachhaltig auf Ihren Erfolg auswirken.<\/p>\n\t\t\t\t\t\t\t\t<\/div>\n\t\t\t\t<\/div>\n\t\t\t\t<div class=\"elementor-element elementor-element-8d524af elementor-widget elementor-widget-spacer\" data-id=\"8d524af\" data-element_type=\"widget\" data-widget_type=\"spacer.default\">\n\t\t\t\t<div class=\"elementor-widget-container\">\n\t\t\t\t\t\t\t<div class=\"elementor-spacer\">\n\t\t\t<div class=\"elementor-spacer-inner\"><\/div>\n\t\t<\/div>\n\t\t\t\t\t\t<\/div>\n\t\t\t\t<\/div>\n\t\t\t\t\t<\/div>\n\t\t<\/div>\n\t\t\t\t\t<\/div>\n\t\t<\/section>\n\t\t\t\t<section class=\"elementor-section elementor-top-section elementor-element elementor-element-7324fac elementor-section-boxed elementor-section-height-default elementor-section-height-default\" data-id=\"7324fac\" data-element_type=\"section\" data-settings=\"{&quot;background_background&quot;:&quot;classic&quot;}\">\n\t\t\t\t\t\t<div class=\"elementor-container elementor-column-gap-default\">\n\t\t\t\t\t<div class=\"elementor-column elementor-col-100 elementor-top-column elementor-element elementor-element-c6c4839\" data-id=\"c6c4839\" data-element_type=\"column\">\n\t\t\t<div class=\"elementor-widget-wrap elementor-element-populated\">\n\t\t\t\t\t\t<div class=\"elementor-element elementor-element-470489e elementor-widget elementor-widget-spacer\" data-id=\"470489e\" data-element_type=\"widget\" data-widget_type=\"spacer.default\">\n\t\t\t\t<div class=\"elementor-widget-container\">\n\t\t\t\t\t\t\t<div class=\"elementor-spacer\">\n\t\t\t<div class=\"elementor-spacer-inner\"><\/div>\n\t\t<\/div>\n\t\t\t\t\t\t<\/div>\n\t\t\t\t<\/div>\n\t\t\t\t<div class=\"elementor-element elementor-element-bb2f127 animated-fast elementor-widget elementor-widget-heading\" data-id=\"bb2f127\" data-element_type=\"widget\" data-settings=\"{&quot;_animation&quot;:&quot;none&quot;}\" data-widget_type=\"heading.default\">\n\t\t\t\t<div class=\"elementor-widget-container\">\n\t\t\t\t\t<h1 class=\"elementor-heading-title elementor-size-default\">Unser Team<\/h1>\t\t\t\t<\/div>\n\t\t\t\t<\/div>\n\t\t\t\t<div class=\"elementor-element elementor-element-2f375fa elementor-widget elementor-widget-spacer\" data-id=\"2f375fa\" data-element_type=\"widget\" data-widget_type=\"spacer.default\">\n\t\t\t\t<div class=\"elementor-widget-container\">\n\t\t\t\t\t\t\t<div class=\"elementor-spacer\">\n\t\t\t<div class=\"elementor-spacer-inner\"><\/div>\n\t\t<\/div>\n\t\t\t\t\t\t<\/div>\n\t\t\t\t<\/div>\n\t\t\t\t<section class=\"elementor-section elementor-inner-section elementor-element elementor-element-7ac47bd elementor-section-boxed elementor-section-height-default elementor-section-height-default\" data-id=\"7ac47bd\" data-element_type=\"section\">\n\t\t\t\t\t\t<div class=\"elementor-container elementor-column-gap-default\">\n\t\t\t\t\t<div class=\"elementor-column elementor-col-50 elementor-inner-column elementor-element elementor-element-32cba0c animated-fast\" data-id=\"32cba0c\" data-element_type=\"column\" data-settings=\"{&quot;animation&quot;:&quot;none&quot;}\">\n\t\t\t<div class=\"elementor-widget-wrap elementor-element-populated\">\n\t\t\t\t\t\t<div class=\"elementor-element elementor-element-a153a52 elementor-widget elementor-widget-image\" data-id=\"a153a52\" data-element_type=\"widget\" data-widget_type=\"image.default\">\n\t\t\t\t<div class=\"elementor-widget-container\">\n\t\t\t\t\t\t\t\t\t\t\t\t\t\t\t<img fetchpriority=\"high\" decoding=\"async\" width=\"1024\" height=\"576\" src=\"https:\/\/planubo.com\/wp-content\/uploads\/2024\/02\/Christoph_Drechsler-1024x576.jpg\" class=\"attachment-large size-large wp-image-7562\" alt=\"christoph drechsler portrait\" srcset=\"https:\/\/planubo.com\/wp-content\/uploads\/2024\/02\/Christoph_Drechsler-1024x576.jpg 1024w, https:\/\/planubo.com\/wp-content\/uploads\/2024\/02\/Christoph_Drechsler-300x169.jpg 300w, https:\/\/planubo.com\/wp-content\/uploads\/2024\/02\/Christoph_Drechsler-768x432.jpg 768w, https:\/\/planubo.com\/wp-content\/uploads\/2024\/02\/Christoph_Drechsler.jpg 1200w\" sizes=\"(max-width: 1024px) 100vw, 1024px\" \/>\t\t\t\t\t\t\t\t\t\t\t\t\t\t\t<\/div>\n\t\t\t\t<\/div>\n\t\t\t\t<div class=\"elementor-element elementor-element-1666b1a elementor-widget elementor-widget-heading\" data-id=\"1666b1a\" data-element_type=\"widget\" data-widget_type=\"heading.default\">\n\t\t\t\t<div class=\"elementor-widget-container\">\n\t\t\t\t\t<h3 class=\"elementor-heading-title elementor-size-default\">Christoph Drechsler<\/h3>\t\t\t\t<\/div>\n\t\t\t\t<\/div>\n\t\t\t\t<div class=\"elementor-element elementor-element-fa6e8c3 elementor-widget elementor-widget-text-editor\" data-id=\"fa6e8c3\" data-element_type=\"widget\" data-widget_type=\"text-editor.default\">\n\t\t\t\t<div class=\"elementor-widget-container\">\n\t\t\t\t\t\t\t\t\t<p>Mitgr\u00fcnder<\/p>\n\t\t\t\t\t\t\t\t<\/div>\n\t\t\t\t<\/div>\n\t\t\t\t\t<\/div>\n\t\t<\/div>\n\t\t\t\t<div class=\"elementor-column elementor-col-50 elementor-inner-column elementor-element elementor-element-f23c656 animated-fast\" data-id=\"f23c656\" data-element_type=\"column\" data-settings=\"{&quot;animation&quot;:&quot;none&quot;}\">\n\t\t\t<div class=\"elementor-widget-wrap elementor-element-populated\">\n\t\t\t\t\t\t<div class=\"elementor-element elementor-element-9849b87 elementor-widget elementor-widget-image\" data-id=\"9849b87\" data-element_type=\"widget\" data-widget_type=\"image.default\">\n\t\t\t\t<div class=\"elementor-widget-container\">\n\t\t\t\t\t\t\t\t\t\t\t\t\t\t\t<img decoding=\"async\" width=\"1024\" height=\"576\" src=\"https:\/\/planubo.com\/wp-content\/uploads\/2024\/02\/Michael_Tenzer-1024x576.jpg\" class=\"attachment-large size-large wp-image-7564\" alt=\"michael tenzer portrait\" srcset=\"https:\/\/planubo.com\/wp-content\/uploads\/2024\/02\/Michael_Tenzer-1024x576.jpg 1024w, https:\/\/planubo.com\/wp-content\/uploads\/2024\/02\/Michael_Tenzer-300x169.jpg 300w, https:\/\/planubo.com\/wp-content\/uploads\/2024\/02\/Michael_Tenzer-768x432.jpg 768w, https:\/\/planubo.com\/wp-content\/uploads\/2024\/02\/Michael_Tenzer.jpg 1200w\" sizes=\"(max-width: 1024px) 100vw, 1024px\" \/>\t\t\t\t\t\t\t\t\t\t\t\t\t\t\t<\/div>\n\t\t\t\t<\/div>\n\t\t\t\t<div class=\"elementor-element elementor-element-ce78bc5 elementor-widget elementor-widget-heading\" data-id=\"ce78bc5\" data-element_type=\"widget\" data-widget_type=\"heading.default\">\n\t\t\t\t<div class=\"elementor-widget-container\">\n\t\t\t\t\t<h3 class=\"elementor-heading-title elementor-size-default\">Michael Tenzer, MBA<\/h3>\t\t\t\t<\/div>\n\t\t\t\t<\/div>\n\t\t\t\t<div class=\"elementor-element elementor-element-c115f63 elementor-widget elementor-widget-text-editor\" data-id=\"c115f63\" data-element_type=\"widget\" data-widget_type=\"text-editor.default\">\n\t\t\t\t<div class=\"elementor-widget-container\">\n\t\t\t\t\t\t\t\t\t<p>Mitgr\u00fcnder<\/p>\n\t\t\t\t\t\t\t\t<\/div>\n\t\t\t\t<\/div>\n\t\t\t\t\t<\/div>\n\t\t<\/div>\n\t\t\t\t\t<\/div>\n\t\t<\/section>\n\t\t\t\t<div class=\"elementor-element elementor-element-fab44a6 elementor-widget elementor-widget-spacer\" data-id=\"fab44a6\" data-element_type=\"widget\" data-widget_type=\"spacer.default\">\n\t\t\t\t<div class=\"elementor-widget-container\">\n\t\t\t\t\t\t\t<div class=\"elementor-spacer\">\n\t\t\t<div class=\"elementor-spacer-inner\"><\/div>\n\t\t<\/div>\n\t\t\t\t\t\t<\/div>\n\t\t\t\t<\/div>\n\t\t\t\t\t<\/div>\n\t\t<\/div>\n\t\t\t\t\t<\/div>\n\t\t<\/section>\n\t\t\t\t<section class=\"elementor-section elementor-top-section elementor-element elementor-element-63aa74e elementor-section-boxed elementor-section-height-default elementor-section-height-default\" data-id=\"63aa74e\" data-element_type=\"section\" data-settings=\"{&quot;background_background&quot;:&quot;classic&quot;}\">\n\t\t\t\t\t\t<div class=\"elementor-container elementor-column-gap-default\">\n\t\t\t\t\t<div class=\"elementor-column elementor-col-100 elementor-top-column elementor-element elementor-element-6c68f11\" data-id=\"6c68f11\" data-element_type=\"column\">\n\t\t\t<div class=\"elementor-widget-wrap elementor-element-populated\">\n\t\t\t\t\t\t<div class=\"elementor-element elementor-element-5568ede elementor-widget elementor-widget-spacer\" data-id=\"5568ede\" data-element_type=\"widget\" data-widget_type=\"spacer.default\">\n\t\t\t\t<div class=\"elementor-widget-container\">\n\t\t\t\t\t\t\t<div class=\"elementor-spacer\">\n\t\t\t<div class=\"elementor-spacer-inner\"><\/div>\n\t\t<\/div>\n\t\t\t\t\t\t<\/div>\n\t\t\t\t<\/div>\n\t\t\t\t<div class=\"elementor-element elementor-element-90e8eed animated-fast elementor-widget elementor-widget-heading\" data-id=\"90e8eed\" data-element_type=\"widget\" data-settings=\"{&quot;_animation&quot;:&quot;none&quot;}\" data-widget_type=\"heading.default\">\n\t\t\t\t<div class=\"elementor-widget-container\">\n\t\t\t\t\t<h2 class=\"elementor-heading-title elementor-size-default\">Unsere Werte<\/h2>\t\t\t\t<\/div>\n\t\t\t\t<\/div>\n\t\t\t\t<div class=\"elementor-element elementor-element-297dcba elementor-widget elementor-widget-spacer\" data-id=\"297dcba\" data-element_type=\"widget\" data-widget_type=\"spacer.default\">\n\t\t\t\t<div class=\"elementor-widget-container\">\n\t\t\t\t\t\t\t<div class=\"elementor-spacer\">\n\t\t\t<div class=\"elementor-spacer-inner\"><\/div>\n\t\t<\/div>\n\t\t\t\t\t\t<\/div>\n\t\t\t\t<\/div>\n\t\t\t\t<div class=\"elementor-element elementor-element-71b7754 elementor-widget elementor-widget-text-editor\" data-id=\"71b7754\" data-element_type=\"widget\" data-widget_type=\"text-editor.default\">\n\t\t\t\t<div class=\"elementor-widget-container\">\n\t\t\t\t\t\t\t\t\t<p style=\"text-align: center;\">Unsere Werte drehen sich darum, eine positive und lebendige Arbeitsatmosph\u00e4re zu schaffen und gleichzeitig einen starken Schwerpunkt auf die Kundenzufriedenheit zu legen. Wir glauben an die St\u00e4rke der Zusammenarbeit, des gegenseitigen Respekts und der offenen Kommunikation als Eckpfeiler unserer Unternehmenskultur.<\/p>\n<p style=\"text-align: center;\">Vor allem aber treibt uns das kontinuierliche Vertrauen in unsere Kunden an. Wir sind fest entschlossen, ihre Erwartungen zu \u00fcbertreffen, au\u00dfergew\u00f6hnlichen Service zu bieten und dauerhafte Beziehungen aufzubauen, die auf Vertrauen und Integrit\u00e4t basieren. Unsere Werte sind nicht nur Worte; sie sind die Leitprinzipien, die uns t\u00e4glich dazu inspirieren, hervorragende Leistungen zu erbringen und sicherzustellen, dass jede Interaktion mit unseren Kunden positiv und nachhaltig ist.<\/p>\n\t\t\t\t\t\t\t\t<\/div>\n\t\t\t\t<\/div>\n\t\t\t\t<div class=\"elementor-element elementor-element-2aef53d elementor-widget elementor-widget-spacer\" data-id=\"2aef53d\" data-element_type=\"widget\" data-widget_type=\"spacer.default\">\n\t\t\t\t<div class=\"elementor-widget-container\">\n\t\t\t\t\t\t\t<div class=\"elementor-spacer\">\n\t\t\t<div class=\"elementor-spacer-inner\"><\/div>\n\t\t<\/div>\n\t\t\t\t\t\t<\/div>\n\t\t\t\t<\/div>\n\t\t\t\t\t<\/div>\n\t\t<\/div>\n\t\t\t\t\t<\/div>\n\t\t<\/section>\n\t\t\t\t<\/div>\n\t\t","protected":false},"excerpt":{"rendered":"<p>Lerne Planubo kennen Unser wichtigstes Ziel ist es, eine starke und erfolgreiche Partnerschaft mit unseren Kunden aufzubauen. Unser Ziel ist es, Ihre Gesch\u00e4ftsabl\u00e4ufe zu optimieren, sie effizienter und effektiver zu machen und gleichzeitig bemerkenswerte L\u00f6sungen zu liefern, die sich nachhaltig auf Ihren Erfolg auswirken. Unser Team Christoph Drechsler Mitgr\u00fcnder Michael Tenzer, MBA Mitgr\u00fcnder Unsere Werte&hellip;&nbsp;<\/p>\n<div class=\"read-more-wrapper\" style=\"padding: 10px 0 0;\"><a href=\"https:\/\/planubo.com\/de\/ueber-uns\/\" class=\"button button-secondary\" rel=\"bookmark\">Mehr lesen &raquo;<span class=\"screen-reader-text\">\u00dcber uns<\/span><\/a><\/div>\n","protected":false},"author":1,"featured_media":0,"parent":0,"menu_order":0,"comment_status":"closed","ping_status":"closed","template":"page-templates\/template-pagebuilder-full-width.php","meta":{"neve_meta_sidebar":"full-width","neve_meta_container":"","neve_meta_enable_content_width":"on","neve_meta_content_width":100,"neve_meta_title_alignment":"","neve_meta_author_avatar":"","neve_post_elements_order":"","neve_meta_disable_header":"","neve_meta_disable_footer":"","neve_meta_disable_title":"","neve_meta_reading_time":"","footnotes":""},"class_list":["post-1680","page","type-page","status-publish","hentry"],"yoast_head":"<!-- This site is optimized with the Yoast SEO plugin v24.4 - https:\/\/yoast.com\/wordpress\/plugins\/seo\/ -->\n<title>Unser Team - Planubo<\/title>\n<meta name=\"description\" content=\"Lerne unser Planubo Team kennen. Christoph Drechsler und Michael Tenzer haben Planubo im Jahr 2020 mit dem Ziel gegr\u00fcndet, Unternehmen zu helfen, wertvolle Zeit zu sparen.\" \/>\n<meta name=\"robots\" content=\"index, follow, max-snippet:-1, max-image-preview:large, max-video-preview:-1\" \/>\n<link rel=\"canonical\" href=\"https:\/\/planubo.com\/de\/ueber-uns\/\" \/>\n<meta property=\"og:locale\" content=\"de_DE\" \/>\n<meta property=\"og:type\" content=\"article\" \/>\n<meta property=\"og:title\" content=\"Unser Team - Planubo\" \/>\n<meta property=\"og:description\" content=\"Lerne unser Planubo Team kennen. Christoph Drechsler und Michael Tenzer haben Planubo im Jahr 2020 mit dem Ziel gegr\u00fcndet, Unternehmen zu helfen, wertvolle Zeit zu sparen.\" \/>\n<meta property=\"og:url\" content=\"https:\/\/planubo.com\/de\/ueber-uns\/\" \/>\n<meta property=\"og:site_name\" content=\"Planubo\" \/>\n<meta property=\"article:publisher\" content=\"https:\/\/www.facebook.com\/planubo\/\" \/>\n<meta property=\"article:modified_time\" content=\"2024-02-06T16:44:57+00:00\" \/>\n<meta property=\"og:image\" content=\"https:\/\/planubo.com\/wp-content\/uploads\/2024\/02\/Christoph_Drechsler-1024x576.jpg\" \/>\n<meta name=\"twitter:card\" content=\"summary_large_image\" \/>\n<meta name=\"twitter:site\" content=\"@Planubo\" \/>\n<meta name=\"twitter:label1\" content=\"Gesch\u00e4tzte Lesezeit\" \/>\n\t<meta name=\"twitter:data1\" content=\"2\u00a0Minuten\" \/>\n<script type=\"application\/ld+json\" class=\"yoast-schema-graph\">{\"@context\":\"https:\/\/schema.org\",\"@graph\":[{\"@type\":\"WebPage\",\"@id\":\"https:\/\/planubo.com\/de\/ueber-uns\/\",\"url\":\"https:\/\/planubo.com\/de\/ueber-uns\/\",\"name\":\"Unser Team - Planubo\",\"isPartOf\":{\"@id\":\"https:\/\/planubo.com\/de\/#website\"},\"primaryImageOfPage\":{\"@id\":\"https:\/\/planubo.com\/de\/ueber-uns\/#primaryimage\"},\"image\":{\"@id\":\"https:\/\/planubo.com\/de\/ueber-uns\/#primaryimage\"},\"thumbnailUrl\":\"https:\/\/planubo.com\/wp-content\/uploads\/2024\/02\/Christoph_Drechsler-1024x576.jpg\",\"datePublished\":\"2020-07-14T17:56:30+00:00\",\"dateModified\":\"2024-02-06T16:44:57+00:00\",\"description\":\"Lerne unser Planubo Team kennen. Christoph Drechsler und Michael Tenzer haben Planubo im Jahr 2020 mit dem Ziel gegr\u00fcndet, Unternehmen zu helfen, wertvolle Zeit zu sparen.\",\"breadcrumb\":{\"@id\":\"https:\/\/planubo.com\/de\/ueber-uns\/#breadcrumb\"},\"inLanguage\":\"de\",\"potentialAction\":[{\"@type\":\"ReadAction\",\"target\":[\"https:\/\/planubo.com\/de\/ueber-uns\/\"]}]},{\"@type\":\"ImageObject\",\"inLanguage\":\"de\",\"@id\":\"https:\/\/planubo.com\/de\/ueber-uns\/#primaryimage\",\"url\":\"https:\/\/planubo.com\/wp-content\/uploads\/2024\/02\/Christoph_Drechsler-1024x576.jpg\",\"contentUrl\":\"https:\/\/planubo.com\/wp-content\/uploads\/2024\/02\/Christoph_Drechsler-1024x576.jpg\"},{\"@type\":\"BreadcrumbList\",\"@id\":\"https:\/\/planubo.com\/de\/ueber-uns\/#breadcrumb\",\"itemListElement\":[{\"@type\":\"ListItem\",\"position\":1,\"name\":\"Home\",\"item\":\"https:\/\/planubo.com\/de\/\"},{\"@type\":\"ListItem\",\"position\":2,\"name\":\"\u00dcber uns\"}]},{\"@type\":\"WebSite\",\"@id\":\"https:\/\/planubo.com\/de\/#website\",\"url\":\"https:\/\/planubo.com\/de\/\",\"name\":\"Planubo\",\"description\":\"An all-in-one administrative software for any kind of instructor\",\"publisher\":{\"@id\":\"https:\/\/planubo.com\/de\/#organization\"},\"potentialAction\":[{\"@type\":\"SearchAction\",\"target\":{\"@type\":\"EntryPoint\",\"urlTemplate\":\"https:\/\/planubo.com\/de\/?s={search_term_string}\"},\"query-input\":{\"@type\":\"PropertyValueSpecification\",\"valueRequired\":true,\"valueName\":\"search_term_string\"}}],\"inLanguage\":\"de\"},{\"@type\":\"Organization\",\"@id\":\"https:\/\/planubo.com\/de\/#organization\",\"name\":\"Planubo\",\"url\":\"https:\/\/planubo.com\/de\/\",\"logo\":{\"@type\":\"ImageObject\",\"inLanguage\":\"de\",\"@id\":\"https:\/\/planubo.com\/de\/#\/schema\/logo\/image\/\",\"url\":\"https:\/\/planubo.com\/wp-content\/uploads\/2020\/07\/planubo-logo.png\",\"contentUrl\":\"https:\/\/planubo.com\/wp-content\/uploads\/2020\/07\/planubo-logo.png\",\"width\":64,\"height\":90,\"caption\":\"Planubo\"},\"image\":{\"@id\":\"https:\/\/planubo.com\/de\/#\/schema\/logo\/image\/\"},\"sameAs\":[\"https:\/\/www.facebook.com\/planubo\/\",\"https:\/\/x.com\/Planubo\",\"https:\/\/www.instagram.com\/planubo\/\",\"https:\/\/www.linkedin.com\/company\/planubo\/\",\"https:\/\/www.youtube.com\/channel\/UCaL5JTnmlKULN1rXwukDHkg\"]}]}<\/script>\n<!-- \/ Yoast SEO plugin. -->","yoast_head_json":{"title":"Unser Team - Planubo","description":"Lerne unser Planubo Team kennen. Christoph Drechsler und Michael Tenzer haben Planubo im Jahr 2020 mit dem Ziel gegr\u00fcndet, Unternehmen zu helfen, wertvolle Zeit zu sparen.","robots":{"index":"index","follow":"follow","max-snippet":"max-snippet:-1","max-image-preview":"max-image-preview:large","max-video-preview":"max-video-preview:-1"},"canonical":"https:\/\/planubo.com\/de\/ueber-uns\/","og_locale":"de_DE","og_type":"article","og_title":"Unser Team - Planubo","og_description":"Lerne unser Planubo Team kennen. Christoph Drechsler und Michael Tenzer haben Planubo im Jahr 2020 mit dem Ziel gegr\u00fcndet, Unternehmen zu helfen, wertvolle Zeit zu sparen.","og_url":"https:\/\/planubo.com\/de\/ueber-uns\/","og_site_name":"Planubo","article_publisher":"https:\/\/www.facebook.com\/planubo\/","article_modified_time":"2024-02-06T16:44:57+00:00","og_image":[{"url":"https:\/\/planubo.com\/wp-content\/uploads\/2024\/02\/Christoph_Drechsler-1024x576.jpg","type":"","width":"","height":""}],"twitter_card":"summary_large_image","twitter_site":"@Planubo","twitter_misc":{"Gesch\u00e4tzte Lesezeit":"2\u00a0Minuten"},"schema":{"@context":"https:\/\/schema.org","@graph":[{"@type":"WebPage","@id":"https:\/\/planubo.com\/de\/ueber-uns\/","url":"https:\/\/planubo.com\/de\/ueber-uns\/","name":"Unser Team - Planubo","isPartOf":{"@id":"https:\/\/planubo.com\/de\/#website"},"primaryImageOfPage":{"@id":"https:\/\/planubo.com\/de\/ueber-uns\/#primaryimage"},"image":{"@id":"https:\/\/planubo.com\/de\/ueber-uns\/#primaryimage"},"thumbnailUrl":"https:\/\/planubo.com\/wp-content\/uploads\/2024\/02\/Christoph_Drechsler-1024x576.jpg","datePublished":"2020-07-14T17:56:30+00:00","dateModified":"2024-02-06T16:44:57+00:00","description":"Lerne unser Planubo Team kennen. Christoph Drechsler und Michael Tenzer haben Planubo im Jahr 2020 mit dem Ziel gegr\u00fcndet, Unternehmen zu helfen, wertvolle Zeit zu sparen.","breadcrumb":{"@id":"https:\/\/planubo.com\/de\/ueber-uns\/#breadcrumb"},"inLanguage":"de","potentialAction":[{"@type":"ReadAction","target":["https:\/\/planubo.com\/de\/ueber-uns\/"]}]},{"@type":"ImageObject","inLanguage":"de","@id":"https:\/\/planubo.com\/de\/ueber-uns\/#primaryimage","url":"https:\/\/planubo.com\/wp-content\/uploads\/2024\/02\/Christoph_Drechsler-1024x576.jpg","contentUrl":"https:\/\/planubo.com\/wp-content\/uploads\/2024\/02\/Christoph_Drechsler-1024x576.jpg"},{"@type":"BreadcrumbList","@id":"https:\/\/planubo.com\/de\/ueber-uns\/#breadcrumb","itemListElement":[{"@type":"ListItem","position":1,"name":"Home","item":"https:\/\/planubo.com\/de\/"},{"@type":"ListItem","position":2,"name":"\u00dcber uns"}]},{"@type":"WebSite","@id":"https:\/\/planubo.com\/de\/#website","url":"https:\/\/planubo.com\/de\/","name":"Planubo","description":"An all-in-one administrative software for any kind of instructor","publisher":{"@id":"https:\/\/planubo.com\/de\/#organization"},"potentialAction":[{"@type":"SearchAction","target":{"@type":"EntryPoint","urlTemplate":"https:\/\/planubo.com\/de\/?s={search_term_string}"},"query-input":{"@type":"PropertyValueSpecification","valueRequired":true,"valueName":"search_term_string"}}],"inLanguage":"de"},{"@type":"Organization","@id":"https:\/\/planubo.com\/de\/#organization","name":"Planubo","url":"https:\/\/planubo.com\/de\/","logo":{"@type":"ImageObject","inLanguage":"de","@id":"https:\/\/planubo.com\/de\/#\/schema\/logo\/image\/","url":"https:\/\/planubo.com\/wp-content\/uploads\/2020\/07\/planubo-logo.png","contentUrl":"https:\/\/planubo.com\/wp-content\/uploads\/2020\/07\/planubo-logo.png","width":64,"height":90,"caption":"Planubo"},"image":{"@id":"https:\/\/planubo.com\/de\/#\/schema\/logo\/image\/"},"sameAs":["https:\/\/www.facebook.com\/planubo\/","https:\/\/x.com\/Planubo","https:\/\/www.instagram.com\/planubo\/","https:\/\/www.linkedin.com\/company\/planubo\/","https:\/\/www.youtube.com\/channel\/UCaL5JTnmlKULN1rXwukDHkg"]}]}},"_links":{"self":[{"href":"https:\/\/planubo.com\/de\/wp-json\/wp\/v2\/pages\/1680","targetHints":{"allow":["GET"]}}],"collection":[{"href":"https:\/\/planubo.com\/de\/wp-json\/wp\/v2\/pages"}],"about":[{"href":"https:\/\/planubo.com\/de\/wp-json\/wp\/v2\/types\/page"}],"author":[{"embeddable":true,"href":"https:\/\/planubo.com\/de\/wp-json\/wp\/v2\/users\/1"}],"replies":[{"embeddable":true,"href":"https:\/\/planubo.com\/de\/wp-json\/wp\/v2\/comments?post=1680"}],"version-history":[{"count":29,"href":"https:\/\/planubo.com\/de\/wp-json\/wp\/v2\/pages\/1680\/revisions"}],"predecessor-version":[{"id":7577,"href":"https:\/\/planubo.com\/de\/wp-json\/wp\/v2\/pages\/1680\/revisions\/7577"}],"wp:attachment":[{"href":"https:\/\/planubo.com\/de\/wp-json\/wp\/v2\/media?parent=1680"}],"curies":[{"name":"wp","href":"https:\/\/api.w.org\/{rel}","templated":true}]}}